{"id":110743,"date":"2026-03-23T14:08:24","date_gmt":"2026-03-23T14:08:24","guid":{"rendered":"https:\/\/apgsolutions.com\/software-driver-kits\/"},"modified":"2026-03-23T14:13:32","modified_gmt":"2026-03-23T14:13:32","slug":"software-driver-kits","status":"publish","type":"page","link":"https:\/\/apgsolutions.com\/pt-br\/software-driver-kits\/","title":{"rendered":"Kits de driver de software"},"content":{"rendered":"<div class=\"section_page-header \">\n    <img decoding=\"async\" class=\"header-image\" src=\"https:\/\/apgsolutions.com\/wp-content\/uploads\/2023\/04\/software-drivers-and-kits-header-1.jpg\" alt=\"software-drivers-and-kits-header-1\" title=\"software-drivers-and-kits-header-1\">\n            <div class=\"header-content\">\n            <h1>Software Driver Kits<\/h1>\n        <\/div>\n    <\/div>\n<h2 class=\"wp-block-heading has-text-align-center has-large-font-size\" id=\"h-gain-access-to-software-drivers-and-kits\">Obtenha acesso a drivers e kits de software<\/h2>\n\n<p class=\"has-text-align-center\">Observe que este formul\u00e1rio \u00e9 apenas para desenvolvedores de software (ISVs). Se voc\u00ea for um varejista ou usu\u00e1rio final, visite esta p\u00e1gina:   <br\/><strong><a href=\"https:\/\/apgsolutions.com\/pt-br\/software-development-kits\/\">Downloads do driver e do SDK da gaveta de dinheiro<\/a><\/strong><\/p>\n\n<div style=\"height:2rem\" aria-hidden=\"true\" class=\"wp-block-spacer\"><\/div>\n\n<h2 class=\"wp-block-heading has-text-align-center\">Para fazer o download dos SDKs para desenvolvedores de software da apg, preencha o formul\u00e1rio abaixo. Voc\u00ea ser\u00e1 redirecionado para uma p\u00e1gina com instru\u00e7\u00f5es de download do SDK. <\/h2>\n\n<p><strong>Observa\u00e7\u00e3o:<\/strong> a apg\u00ae n\u00e3o possui drivers para interface com impressoras de recibos. A apg\u00ae oferece uma gama completa de ferramentas de software para que os desenvolvedores implementem as gavetas de dinheiro NetPRO, USB e serial. <\/p>\n<p><script charset=\"utf-8\" type=\"text\/javascript\" src=\"\/\/js.hsforms.net\/forms\/embed\/v2.js\"><\/script><br \/>\n<script>\n  hbspt.forms.create({\n    region: \"na1\",\n    portalId: \"3337275\",\n    formId: \"4c7f06f4-d803-417e-a24f-48d49a2108c6\"\n  });\n<\/script><\/p>\n","protected":false},"excerpt":{"rendered":"<p>Obtenha acesso a drivers e kits de software Observe que este formul\u00e1rio \u00e9 apenas para desenvolvedores de software (ISVs). Se voc\u00ea for um varejista ou usu\u00e1rio final, visite esta p\u00e1gina: Downloads do driver e do SDK da gaveta de dinheiro Para fazer o download dos SDKs para desenvolvedores de software da apg, preencha o formul\u00e1rio [&hellip;]<\/p>\n","protected":false},"author":4,"featured_media":0,"parent":0,"menu_order":0,"comment_status":"closed","ping_status":"closed","template":"","meta":{"_acf_changed":false,"content-type":"","footnotes":""},"class_list":["post-110743","page","type-page","status-publish"],"yoast_head":"<!-- This site is optimized with the Yoast SEO Premium plugin v23.5 (Yoast SEO v27.2) - https:\/\/yoast.com\/product\/yoast-seo-premium-wordpress\/ -->\n<title>Kits e ferramentas de driver de software - apg Global Solutions<\/title>\n<meta name=\"description\" content=\"A apg oferece uma gama completa de ferramentas de software para que os desenvolvedores implementem as gavetas de dinheiro NetPRO, BluePRO, USB e serial.\" \/>\n<meta name=\"robots\" content=\"index, follow, max-snippet:-1, max-image-preview:large, max-video-preview:-1\" \/>\n<link rel=\"canonical\" href=\"https:\/\/apgsolutions.com\/pt-br\/software-driver-kits\/\" \/>\n<meta property=\"og:locale\" content=\"pt_BR\" \/>\n<meta property=\"og:type\" content=\"article\" \/>\n<meta property=\"og:title\" content=\"Kits e ferramentas de driver de software - apg Global Solutions\" \/>\n<meta property=\"og:description\" content=\"A apg oferece uma gama completa de ferramentas de software para que os desenvolvedores implementem as gavetas de dinheiro NetPRO, BluePRO, USB e serial.\" \/>\n<meta property=\"og:url\" content=\"https:\/\/apgsolutions.com\/pt-br\/software-driver-kits\/\" \/>\n<meta property=\"og:site_name\" content=\"apg\u00ae Solutions\" \/>\n<meta property=\"article:publisher\" content=\"https:\/\/www.facebook.com\/apgglobalsolutions\" \/>\n<meta property=\"article:modified_time\" content=\"2026-03-23T14:13:32+00:00\" \/>\n<meta name=\"twitter:card\" content=\"summary_large_image\" \/>\n<meta name=\"twitter:site\" content=\"@apg_solutions\" \/>\n<meta name=\"twitter:label1\" content=\"Est. tempo de leitura\" \/>\n\t<meta name=\"twitter:data1\" content=\"1 minuto\" \/>\n<script type=\"application\/ld+json\" class=\"yoast-schema-graph\">{\"@context\":\"https:\/\/schema.org\",\"@graph\":[{\"@type\":\"WebPage\",\"@id\":\"https:\/\/apgsolutions.com\/pt-br\/software-driver-kits\/\",\"url\":\"https:\/\/apgsolutions.com\/pt-br\/software-driver-kits\/\",\"name\":\"Kits e ferramentas de driver de software - apg Global Solutions\",\"isPartOf\":{\"@id\":\"https:\/\/apgsolutions.com\/pt-br\/#website\"},\"datePublished\":\"2026-03-23T14:08:24+00:00\",\"dateModified\":\"2026-03-23T14:13:32+00:00\",\"description\":\"A apg oferece uma gama completa de ferramentas de software para que os desenvolvedores implementem as gavetas de dinheiro NetPRO, BluePRO, USB e serial.\",\"inLanguage\":\"pt-BR\",\"potentialAction\":[{\"@type\":\"ReadAction\",\"target\":[\"https:\/\/apgsolutions.com\/pt-br\/software-driver-kits\/\"]}]},{\"@type\":\"WebSite\",\"@id\":\"https:\/\/apgsolutions.com\/pt-br\/#website\",\"url\":\"https:\/\/apgsolutions.com\/pt-br\/\",\"name\":\"APG Solutions, LLC\",\"description\":\"Trust at every point.\",\"publisher\":{\"@id\":\"https:\/\/apgsolutions.com\/pt-br\/#organization\"},\"potentialAction\":[{\"@type\":\"SearchAction\",\"target\":{\"@type\":\"EntryPoint\",\"urlTemplate\":\"https:\/\/apgsolutions.com\/pt-br\/?s={search_term_string}\"},\"query-input\":{\"@type\":\"PropertyValueSpecification\",\"valueRequired\":true,\"valueName\":\"search_term_string\"}}],\"inLanguage\":\"pt-BR\"},{\"@type\":\"Organization\",\"@id\":\"https:\/\/apgsolutions.com\/pt-br\/#organization\",\"name\":\"APG Solution, LLC\",\"url\":\"https:\/\/apgsolutions.com\/pt-br\/\",\"logo\":{\"@type\":\"ImageObject\",\"inLanguage\":\"pt-BR\",\"@id\":\"https:\/\/apgsolutions.com\/pt-br\/#\/schema\/logo\/image\/\",\"url\":\"https:\/\/apgsolutions.com\/wp-content\/uploads\/2023\/12\/logomark-color.svg\",\"contentUrl\":\"https:\/\/apgsolutions.com\/wp-content\/uploads\/2023\/12\/logomark-color.svg\",\"width\":141,\"height\":138,\"caption\":\"APG Solution, LLC\"},\"image\":{\"@id\":\"https:\/\/apgsolutions.com\/pt-br\/#\/schema\/logo\/image\/\"},\"sameAs\":[\"https:\/\/www.facebook.com\/apgglobalsolutions\",\"https:\/\/x.com\/apg_solutions\",\"https:\/\/www.youtube.com\/c\/CashManagementGlobalSolutionsbyapg\",\"https:\/\/www.linkedin.com\/company\/apgglobalsolutions\/\",\"https:\/\/www.instagram.com\/apgglobalsolutions\/\",\"https:\/\/www.pinterest.com\/apgcashdrawer\/\"]}]}<\/script>\n<!-- \/ Yoast SEO Premium plugin. -->","yoast_head_json":{"title":"Kits e ferramentas de driver de software - apg Global Solutions","description":"A apg oferece uma gama completa de ferramentas de software para que os desenvolvedores implementem as gavetas de dinheiro NetPRO, BluePRO, USB e serial.","robots":{"index":"index","follow":"follow","max-snippet":"max-snippet:-1","max-image-preview":"max-image-preview:large","max-video-preview":"max-video-preview:-1"},"canonical":"https:\/\/apgsolutions.com\/pt-br\/software-driver-kits\/","og_locale":"pt_BR","og_type":"article","og_title":"Kits e ferramentas de driver de software - apg Global Solutions","og_description":"A apg oferece uma gama completa de ferramentas de software para que os desenvolvedores implementem as gavetas de dinheiro NetPRO, BluePRO, USB e serial.","og_url":"https:\/\/apgsolutions.com\/pt-br\/software-driver-kits\/","og_site_name":"apg\u00ae Solutions","article_publisher":"https:\/\/www.facebook.com\/apgglobalsolutions","article_modified_time":"2026-03-23T14:13:32+00:00","twitter_card":"summary_large_image","twitter_site":"@apg_solutions","twitter_misc":{"Est. tempo de leitura":"1 minuto"},"schema":{"@context":"https:\/\/schema.org","@graph":[{"@type":"WebPage","@id":"https:\/\/apgsolutions.com\/pt-br\/software-driver-kits\/","url":"https:\/\/apgsolutions.com\/pt-br\/software-driver-kits\/","name":"Kits e ferramentas de driver de software - apg Global Solutions","isPartOf":{"@id":"https:\/\/apgsolutions.com\/pt-br\/#website"},"datePublished":"2026-03-23T14:08:24+00:00","dateModified":"2026-03-23T14:13:32+00:00","description":"A apg oferece uma gama completa de ferramentas de software para que os desenvolvedores implementem as gavetas de dinheiro NetPRO, BluePRO, USB e serial.","inLanguage":"pt-BR","potentialAction":[{"@type":"ReadAction","target":["https:\/\/apgsolutions.com\/pt-br\/software-driver-kits\/"]}]},{"@type":"WebSite","@id":"https:\/\/apgsolutions.com\/pt-br\/#website","url":"https:\/\/apgsolutions.com\/pt-br\/","name":"APG Solutions, LLC","description":"Trust at every point.","publisher":{"@id":"https:\/\/apgsolutions.com\/pt-br\/#organization"},"potentialAction":[{"@type":"SearchAction","target":{"@type":"EntryPoint","urlTemplate":"https:\/\/apgsolutions.com\/pt-br\/?s={search_term_string}"},"query-input":{"@type":"PropertyValueSpecification","valueRequired":true,"valueName":"search_term_string"}}],"inLanguage":"pt-BR"},{"@type":"Organization","@id":"https:\/\/apgsolutions.com\/pt-br\/#organization","name":"APG Solution, LLC","url":"https:\/\/apgsolutions.com\/pt-br\/","logo":{"@type":"ImageObject","inLanguage":"pt-BR","@id":"https:\/\/apgsolutions.com\/pt-br\/#\/schema\/logo\/image\/","url":"https:\/\/apgsolutions.com\/wp-content\/uploads\/2023\/12\/logomark-color.svg","contentUrl":"https:\/\/apgsolutions.com\/wp-content\/uploads\/2023\/12\/logomark-color.svg","width":141,"height":138,"caption":"APG Solution, LLC"},"image":{"@id":"https:\/\/apgsolutions.com\/pt-br\/#\/schema\/logo\/image\/"},"sameAs":["https:\/\/www.facebook.com\/apgglobalsolutions","https:\/\/x.com\/apg_solutions","https:\/\/www.youtube.com\/c\/CashManagementGlobalSolutionsbyapg","https:\/\/www.linkedin.com\/company\/apgglobalsolutions\/","https:\/\/www.instagram.com\/apgglobalsolutions\/","https:\/\/www.pinterest.com\/apgcashdrawer\/"]}]}},"acf":[],"_links":{"self":[{"href":"https:\/\/apgsolutions.com\/pt-br\/wp-json\/wp\/v2\/pages\/110743","targetHints":{"allow":["GET"]}}],"collection":[{"href":"https:\/\/apgsolutions.com\/pt-br\/wp-json\/wp\/v2\/pages"}],"about":[{"href":"https:\/\/apgsolutions.com\/pt-br\/wp-json\/wp\/v2\/types\/page"}],"author":[{"embeddable":true,"href":"https:\/\/apgsolutions.com\/pt-br\/wp-json\/wp\/v2\/users\/4"}],"replies":[{"embeddable":true,"href":"https:\/\/apgsolutions.com\/pt-br\/wp-json\/wp\/v2\/comments?post=110743"}],"version-history":[{"count":1,"href":"https:\/\/apgsolutions.com\/pt-br\/wp-json\/wp\/v2\/pages\/110743\/revisions"}],"predecessor-version":[{"id":110746,"href":"https:\/\/apgsolutions.com\/pt-br\/wp-json\/wp\/v2\/pages\/110743\/revisions\/110746"}],"wp:attachment":[{"href":"https:\/\/apgsolutions.com\/pt-br\/wp-json\/wp\/v2\/media?parent=110743"}],"curies":[{"name":"wp","href":"https:\/\/api.w.org\/{rel}","templated":true}]}}