{"id":110751,"date":"2026-03-23T14:08:25","date_gmt":"2026-03-23T14:08:25","guid":{"rendered":"https:\/\/apgsolutions.com\/finding-pos-match-link-cash-drawer-connectivity-options-business-goals\/"},"modified":"2026-03-23T15:38:49","modified_gmt":"2026-03-23T15:38:49","slug":"finding-pos-match-link-cash-drawer-connectivity-options-business-goals","status":"publish","type":"page","link":"https:\/\/apgsolutions.com\/pt-br\/finding-pos-match-link-cash-drawer-connectivity-options-business-goals\/","title":{"rendered":"Encontrando a correspond\u00eancia positiva: Link Cash Drawer Connectivity Options Objetivos de neg\u00f3cios"},"content":{"rendered":"\n<h1 class=\"has-text-align-center wp-block-heading\" id=\"h-finding-your-pos-match-how-to-link-cash-drawer-and-connectivity\">Encontrando sua correspond\u00eancia Pos: Como vincular a gaveta de dinheiro e a conectividade<\/h1>\n\n<p>Agora que as solu\u00e7\u00f5es de ponto de venda (POS) n\u00e3o precisam mais depender de PCs para operar, as empresas t\u00eam uma ampla gama de op\u00e7\u00f5es para configurar seus sistemas. Varejistas, donos de restaurantes e operadores de hotelaria podem aproveitar os componentes aut\u00f4nomos habilitados para IP para escolher a configura\u00e7\u00e3o mais adequada aos seus objetivos comerciais e \u00e0s necessidades dos clientes. <\/p>\n\n<h2 class=\"wp-block-heading\" id=\"h-english\">Ingl\u00eas<\/h2>\n\n<p><a href=\"\/wp-content\/uploads\/2023\/05\/APG_whitepaper_POS_Match-How-to-Link-Cash-Drawer-and-Connectivity-Options-to-Business-Goals.pdf\">Encontrando o PDV ideal para voc\u00ea: Como vincular as op\u00e7\u00f5es de gaveta de dinheiro e conectividade \u00e0s metas de neg\u00f3cios<\/a><br\/><a href=\"https:\/\/apgsolutions.com\/wp-content\/uploads\/2023\/05\/APG_whitepaper_POS_Match_ISV-Rev2.pdf\">N\u00e3o se esque\u00e7a do dinheiro: Gavetas de dinheiro essenciais para o desenvolvimento e a configura\u00e7\u00e3o de solu\u00e7\u00f5es de PDV<\/a><br\/><a href=\"https:\/\/apgsolutions.com\/wp-content\/uploads\/2023\/05\/Finding-Your-POS-Match-Addressing-Security-and-Connectivity-with-Cash-Drawer-Configuration-Options_FINAL.pdf\">Encontrando o PDV ideal para voc\u00ea: Como abordar a seguran\u00e7a e a conectividade com as op\u00e7\u00f5es de configura\u00e7\u00e3o da gaveta de dinheiro<\/a><\/p>\n\n<h2 class=\"wp-block-heading\" id=\"h-fran-ais\">Franc\u00eas<\/h2>\n\n<p>Desde que se confirmou uma nova abordagem de ponto de venda (PDV) mais avan\u00e7ada, as solu\u00e7\u00f5es de ponto de venda n\u00e3o precisam mais de um PC para funcionar. De acordo com a configura\u00e7\u00e3o do sistema, o novo modelo de PDV pode fazer uso de clientes mais leves, como tablets, port\u00e1teis e caixas de correio compat\u00edveis com IP, para proporcionar simplicidade e comodidade de uso nas transa\u00e7\u00f5es em lojas. <\/p>\n\n<p><a href=\"\/wp-content\/uploads\/2023\/05\/FR-4-APG_whitepaper_POS_Match-How-to-Link-Cash-Drawer-and-Connectivity-Options-to-Business-Goals-FR.pdf\">TROUVER UM POS AD\u00c9QUATO: Como voc\u00ea pode relacionar as op\u00e7\u00f5es de caixa registradora e de conectividade com os objetivos da sua empresa<\/a><br\/><a href=\"https:\/\/apgsolutions.com\/wp-content\/uploads\/2023\/05\/FR-1-ISV_Dont-Forget-the-Cash-FR.pdf\">N\u00c3O ESQUE\u00c7A OS PAIEMENTOS COMPLEMENTARES: Os pontos de contato s\u00e3o indispens\u00e1veis para o desenvolvimento e a configura\u00e7\u00e3o de solu\u00e7\u00f5es de PDV.<\/a><br\/><a href=\"https:\/\/apgsolutions.com\/wp-content\/uploads\/2023\/05\/FR-2-Finding-Your-POS-Match-Addressing-Security-Connectivity-Configuration-Options-FR.pdf\">TROUVER UM PDV AD\u00c9QUATO: responda aos problemas de seguran\u00e7a e de conectividade com as op\u00e7\u00f5es de configura\u00e7\u00e3o de gaveta de dinheiro<\/a><\/p>\n\n<h2 class=\"wp-block-heading\" id=\"h-deutsch\">Alem\u00e3o<\/h2>\n\n<p>Agora, quando os Kassenarbeitspl\u00e4tze (POS-L\u00f6sungen) para o fornecimento n\u00e3o est\u00e3o mais distantes dos PCs, os gerentes t\u00eam uma paleta de op\u00e7\u00f5es curta para escolher o que voc\u00ea precisa para configurar seus sistemas. Os comerciantes, gastr\u00f4nomos e fornecedores de refei\u00e7\u00f5es podem aproveitar as vantagens dos componentes autossuficientes de IP, para que eles possam decidir qual \u00e9 a melhor configura\u00e7\u00e3o para suas necessidades de neg\u00f3cios e necessidades dos clientes. <\/p>\n\n<p><a href=\"\/wp-content\/uploads\/2023\/05\/DE-APG_whitepaper_POS_Match-How-to-Link-Cash-Drawer-and-Connectivity-Options-to-Business-Goals-DE.pdf\">Como voc\u00ea pode combinar o Kassenschublade e as op\u00e7\u00f5es de anschluss com os gerenciadores de neg\u00f3cios<\/a><br\/><a href=\"https:\/\/apgsolutions.com\/wp-content\/uploads\/2023\/05\/DE-1-ISV_Dont-Forget-the-Cash-DE.pdf\">Voc\u00ea n\u00e3o pode deixar de ver o que est\u00e1 acontecendo: os Kassenschubladen s\u00e3o um fator importante para o desenvolvimento e a configura\u00e7\u00e3o de solu\u00e7\u00f5es de PDV.<\/a><br\/><a href=\"https:\/\/apgsolutions.com\/wp-content\/uploads\/2023\/05\/DE-Finding-Your-POS-Match-Addressing-Security-and-Connectivity-with-Cash-Drawer-Configuration-Options-DE.pdf\">O sistema de PDV que voc\u00ea est\u00e1 usando: intera\u00e7\u00e3o com a seguran\u00e7a e o controle, bem como op\u00e7\u00f5es de configura\u00e7\u00e3o de Kassenschubladen<\/a><\/p>\n\n<p><\/p>\n","protected":false},"excerpt":{"rendered":"<p>Encontrando sua correspond\u00eancia Pos: Como vincular a gaveta de dinheiro e a conectividade Agora que as solu\u00e7\u00f5es de ponto de venda (POS) n\u00e3o precisam mais depender de PCs para operar, as empresas t\u00eam uma ampla gama de op\u00e7\u00f5es para configurar seus sistemas. Varejistas, donos de restaurantes e operadores de hotelaria podem aproveitar os componentes aut\u00f4nomos [&hellip;]<\/p>\n","protected":false},"author":4,"featured_media":0,"parent":0,"menu_order":0,"comment_status":"closed","ping_status":"closed","template":"","meta":{"_acf_changed":false,"content-type":"","footnotes":""},"class_list":["post-110751","page","type-page","status-publish"],"yoast_head":"<!-- This site is optimized with the Yoast SEO Premium plugin v23.5 (Yoast SEO v27.2) - https:\/\/yoast.com\/product\/yoast-seo-premium-wordpress\/ -->\n<title>Encontrando a correspond\u00eancia positiva: Link Cash Drawer Connectivity Options Objetivos de neg\u00f3cios<\/title>\n<meta name=\"description\" content=\"Saiba como combinar a conectividade da gaveta de dinheiro com as necessidades da empresa. Explore as op\u00e7\u00f5es de sistemas POS modernos.\" \/>\n<meta name=\"robots\" content=\"index, follow, max-snippet:-1, max-image-preview:large, max-video-preview:-1\" \/>\n<link rel=\"canonical\" href=\"https:\/\/apgsolutions.com\/pt-br\/finding-pos-match-link-cash-drawer-connectivity-options-business-goals\/\" \/>\n<meta property=\"og:locale\" content=\"pt_BR\" \/>\n<meta property=\"og:type\" content=\"article\" \/>\n<meta property=\"og:title\" content=\"Encontrando a correspond\u00eancia positiva: Link Cash Drawer Connectivity Options Objetivos de neg\u00f3cios\" \/>\n<meta property=\"og:description\" content=\"Saiba como combinar a conectividade da gaveta de dinheiro com as necessidades da empresa. Explore as op\u00e7\u00f5es de sistemas POS modernos.\" \/>\n<meta property=\"og:url\" content=\"https:\/\/apgsolutions.com\/pt-br\/finding-pos-match-link-cash-drawer-connectivity-options-business-goals\/\" \/>\n<meta property=\"og:site_name\" content=\"apg\u00ae Solutions\" \/>\n<meta property=\"article:publisher\" content=\"https:\/\/www.facebook.com\/apgglobalsolutions\" \/>\n<meta property=\"article:modified_time\" content=\"2026-03-23T15:38:49+00:00\" \/>\n<meta name=\"twitter:card\" content=\"summary_large_image\" \/>\n<meta name=\"twitter:site\" content=\"@apg_solutions\" \/>\n<meta name=\"twitter:label1\" content=\"Est. tempo de leitura\" \/>\n\t<meta name=\"twitter:data1\" content=\"2 minutos\" \/>\n<script type=\"application\/ld+json\" class=\"yoast-schema-graph\">{\"@context\":\"https:\/\/schema.org\",\"@graph\":[{\"@type\":\"WebPage\",\"@id\":\"https:\/\/apgsolutions.com\/pt-br\/finding-pos-match-link-cash-drawer-connectivity-options-business-goals\/\",\"url\":\"https:\/\/apgsolutions.com\/pt-br\/finding-pos-match-link-cash-drawer-connectivity-options-business-goals\/\",\"name\":\"Encontrando a correspond\u00eancia positiva: Link Cash Drawer Connectivity Options Objetivos de neg\u00f3cios\",\"isPartOf\":{\"@id\":\"https:\/\/apgsolutions.com\/pt-br\/#website\"},\"datePublished\":\"2026-03-23T14:08:25+00:00\",\"dateModified\":\"2026-03-23T15:38:49+00:00\",\"description\":\"Saiba como combinar a conectividade da gaveta de dinheiro com as necessidades da empresa. Explore as op\u00e7\u00f5es de sistemas POS modernos.\",\"inLanguage\":\"pt-BR\",\"potentialAction\":[{\"@type\":\"ReadAction\",\"target\":[\"https:\/\/apgsolutions.com\/pt-br\/finding-pos-match-link-cash-drawer-connectivity-options-business-goals\/\"]}]},{\"@type\":\"WebSite\",\"@id\":\"https:\/\/apgsolutions.com\/pt-br\/#website\",\"url\":\"https:\/\/apgsolutions.com\/pt-br\/\",\"name\":\"APG Solutions, LLC\",\"description\":\"Trust at every point.\",\"publisher\":{\"@id\":\"https:\/\/apgsolutions.com\/pt-br\/#organization\"},\"potentialAction\":[{\"@type\":\"SearchAction\",\"target\":{\"@type\":\"EntryPoint\",\"urlTemplate\":\"https:\/\/apgsolutions.com\/pt-br\/?s={search_term_string}\"},\"query-input\":{\"@type\":\"PropertyValueSpecification\",\"valueRequired\":true,\"valueName\":\"search_term_string\"}}],\"inLanguage\":\"pt-BR\"},{\"@type\":\"Organization\",\"@id\":\"https:\/\/apgsolutions.com\/pt-br\/#organization\",\"name\":\"APG Solution, LLC\",\"url\":\"https:\/\/apgsolutions.com\/pt-br\/\",\"logo\":{\"@type\":\"ImageObject\",\"inLanguage\":\"pt-BR\",\"@id\":\"https:\/\/apgsolutions.com\/pt-br\/#\/schema\/logo\/image\/\",\"url\":\"https:\/\/apgsolutions.com\/wp-content\/uploads\/2023\/12\/logomark-color.svg\",\"contentUrl\":\"https:\/\/apgsolutions.com\/wp-content\/uploads\/2023\/12\/logomark-color.svg\",\"width\":141,\"height\":138,\"caption\":\"APG Solution, LLC\"},\"image\":{\"@id\":\"https:\/\/apgsolutions.com\/pt-br\/#\/schema\/logo\/image\/\"},\"sameAs\":[\"https:\/\/www.facebook.com\/apgglobalsolutions\",\"https:\/\/x.com\/apg_solutions\",\"https:\/\/www.youtube.com\/c\/CashManagementGlobalSolutionsbyapg\",\"https:\/\/www.linkedin.com\/company\/apgglobalsolutions\/\",\"https:\/\/www.instagram.com\/apgglobalsolutions\/\",\"https:\/\/www.pinterest.com\/apgcashdrawer\/\"]}]}<\/script>\n<!-- \/ Yoast SEO Premium plugin. -->","yoast_head_json":{"title":"Encontrando a correspond\u00eancia positiva: Link Cash Drawer Connectivity Options Objetivos de neg\u00f3cios","description":"Saiba como combinar a conectividade da gaveta de dinheiro com as necessidades da empresa. Explore as op\u00e7\u00f5es de sistemas POS modernos.","robots":{"index":"index","follow":"follow","max-snippet":"max-snippet:-1","max-image-preview":"max-image-preview:large","max-video-preview":"max-video-preview:-1"},"canonical":"https:\/\/apgsolutions.com\/pt-br\/finding-pos-match-link-cash-drawer-connectivity-options-business-goals\/","og_locale":"pt_BR","og_type":"article","og_title":"Encontrando a correspond\u00eancia positiva: Link Cash Drawer Connectivity Options Objetivos de neg\u00f3cios","og_description":"Saiba como combinar a conectividade da gaveta de dinheiro com as necessidades da empresa. Explore as op\u00e7\u00f5es de sistemas POS modernos.","og_url":"https:\/\/apgsolutions.com\/pt-br\/finding-pos-match-link-cash-drawer-connectivity-options-business-goals\/","og_site_name":"apg\u00ae Solutions","article_publisher":"https:\/\/www.facebook.com\/apgglobalsolutions","article_modified_time":"2026-03-23T15:38:49+00:00","twitter_card":"summary_large_image","twitter_site":"@apg_solutions","twitter_misc":{"Est. tempo de leitura":"2 minutos"},"schema":{"@context":"https:\/\/schema.org","@graph":[{"@type":"WebPage","@id":"https:\/\/apgsolutions.com\/pt-br\/finding-pos-match-link-cash-drawer-connectivity-options-business-goals\/","url":"https:\/\/apgsolutions.com\/pt-br\/finding-pos-match-link-cash-drawer-connectivity-options-business-goals\/","name":"Encontrando a correspond\u00eancia positiva: Link Cash Drawer Connectivity Options Objetivos de neg\u00f3cios","isPartOf":{"@id":"https:\/\/apgsolutions.com\/pt-br\/#website"},"datePublished":"2026-03-23T14:08:25+00:00","dateModified":"2026-03-23T15:38:49+00:00","description":"Saiba como combinar a conectividade da gaveta de dinheiro com as necessidades da empresa. Explore as op\u00e7\u00f5es de sistemas POS modernos.","inLanguage":"pt-BR","potentialAction":[{"@type":"ReadAction","target":["https:\/\/apgsolutions.com\/pt-br\/finding-pos-match-link-cash-drawer-connectivity-options-business-goals\/"]}]},{"@type":"WebSite","@id":"https:\/\/apgsolutions.com\/pt-br\/#website","url":"https:\/\/apgsolutions.com\/pt-br\/","name":"APG Solutions, LLC","description":"Trust at every point.","publisher":{"@id":"https:\/\/apgsolutions.com\/pt-br\/#organization"},"potentialAction":[{"@type":"SearchAction","target":{"@type":"EntryPoint","urlTemplate":"https:\/\/apgsolutions.com\/pt-br\/?s={search_term_string}"},"query-input":{"@type":"PropertyValueSpecification","valueRequired":true,"valueName":"search_term_string"}}],"inLanguage":"pt-BR"},{"@type":"Organization","@id":"https:\/\/apgsolutions.com\/pt-br\/#organization","name":"APG Solution, LLC","url":"https:\/\/apgsolutions.com\/pt-br\/","logo":{"@type":"ImageObject","inLanguage":"pt-BR","@id":"https:\/\/apgsolutions.com\/pt-br\/#\/schema\/logo\/image\/","url":"https:\/\/apgsolutions.com\/wp-content\/uploads\/2023\/12\/logomark-color.svg","contentUrl":"https:\/\/apgsolutions.com\/wp-content\/uploads\/2023\/12\/logomark-color.svg","width":141,"height":138,"caption":"APG Solution, LLC"},"image":{"@id":"https:\/\/apgsolutions.com\/pt-br\/#\/schema\/logo\/image\/"},"sameAs":["https:\/\/www.facebook.com\/apgglobalsolutions","https:\/\/x.com\/apg_solutions","https:\/\/www.youtube.com\/c\/CashManagementGlobalSolutionsbyapg","https:\/\/www.linkedin.com\/company\/apgglobalsolutions\/","https:\/\/www.instagram.com\/apgglobalsolutions\/","https:\/\/www.pinterest.com\/apgcashdrawer\/"]}]}},"acf":[],"_links":{"self":[{"href":"https:\/\/apgsolutions.com\/pt-br\/wp-json\/wp\/v2\/pages\/110751","targetHints":{"allow":["GET"]}}],"collection":[{"href":"https:\/\/apgsolutions.com\/pt-br\/wp-json\/wp\/v2\/pages"}],"about":[{"href":"https:\/\/apgsolutions.com\/pt-br\/wp-json\/wp\/v2\/types\/page"}],"author":[{"embeddable":true,"href":"https:\/\/apgsolutions.com\/pt-br\/wp-json\/wp\/v2\/users\/4"}],"replies":[{"embeddable":true,"href":"https:\/\/apgsolutions.com\/pt-br\/wp-json\/wp\/v2\/comments?post=110751"}],"version-history":[{"count":5,"href":"https:\/\/apgsolutions.com\/pt-br\/wp-json\/wp\/v2\/pages\/110751\/revisions"}],"predecessor-version":[{"id":110921,"href":"https:\/\/apgsolutions.com\/pt-br\/wp-json\/wp\/v2\/pages\/110751\/revisions\/110921"}],"wp:attachment":[{"href":"https:\/\/apgsolutions.com\/pt-br\/wp-json\/wp\/v2\/media?parent=110751"}],"curies":[{"name":"wp","href":"https:\/\/api.w.org\/{rel}","templated":true}]}}