{"id":112123,"date":"2026-05-07T18:16:25","date_gmt":"2026-05-07T18:16:25","guid":{"rendered":"https:\/\/apgsolutions.com\/test-drivers-table\/"},"modified":"2026-05-07T18:36:17","modified_gmt":"2026-05-07T18:36:17","slug":"test-drivers-table","status":"publish","type":"page","link":"https:\/\/apgsolutions.com\/pt-br\/test-drivers-table\/","title":{"rendered":"tabela de drivers de teste"},"content":{"rendered":"\t\t<div data-elementor-type=\"wp-page\" data-elementor-id=\"112123\" class=\"elementor elementor-112123 elementor-112033\" data-elementor-post-type=\"page\">\n\t\t\t\t\t\t<section class=\"elementor-section elementor-top-section elementor-element elementor-element-2d4823c4 elementor-section-boxed elementor-section-height-default elementor-section-height-default exad-glass-effect-no exad-sticky-section-no\" data-id=\"2d4823c4\" data-element_type=\"section\" data-e-type=\"section\">\n\t\t\t\t\t\t<div class=\"elementor-container elementor-column-gap-wider\">\n\t\t\t\t\t<div class=\"elementor-column elementor-col-100 elementor-top-column elementor-element elementor-element-3640a1ce exad-glass-effect-no exad-sticky-section-no\" data-id=\"3640a1ce\" data-element_type=\"column\" data-e-type=\"column\">\n\t\t\t<div class=\"elementor-widget-wrap elementor-element-populated\">\n\t\t\t\t\t\t<div class=\"elementor-element elementor-element-79531611 elementor-widget__width-auto exad-sticky-section-no exad-glass-effect-no elementor-widget elementor-widget-text-editor\" data-id=\"79531611\" data-element_type=\"widget\" data-e-type=\"widget\" data-widget_type=\"text-editor.default\">\n\t\t\t\t<div class=\"elementor-widget-container\">\n\t\t\t\t\t\t\t\t\t<div class=\"wp-block-group is-style-stripes\">\n<p><\/p>\n<figure class=\"wp-block-table is-style-stripes\">\n<table>\n<thead>\n<tr>\n<th>Recurso<\/th>\n<th style=\"text-align: center;\">NetPRO\u00ae 470<\/th>\n<th style=\"text-align: center;\">NetPRO\u00ae 480A<\/th>\n<th style=\"text-align: center;\">NetPRO\u00ae 490A<\/th>\n<th style=\"text-align: center;\">ShareTill<\/th>\n<\/tr>\n<\/thead>\n<tbody>\n<tr>\n<td>Eventos TCP da gaveta (abre e fecha)<\/td>\n<td style=\"text-align: center;\">\u2713<\/td>\n<td style=\"text-align: center;\">\u2713<\/td>\n<td style=\"text-align: center;\">\u2713<\/td>\n<td style=\"text-align: center;\">\u2713<\/td>\n<\/tr>\n<tr>\n<td>UPD Announce (Transmiss\u00e3o de gaveta)<\/td>\n<td style=\"text-align: center;\">\u2713<\/td>\n<td style=\"text-align: center;\">\u2713<\/td>\n<td style=\"text-align: center;\">\u2713<\/td>\n<td style=\"text-align: center;\">\u2713<\/td>\n<\/tr>\n<tr>\n<td>Suporte a c\u00f3digo de barras para verifica\u00e7\u00e3o de proximidade do caixa<\/td>\n<td style=\"text-align: center;\">\u2713<\/td>\n<td style=\"text-align: center;\">\u2713<\/td>\n<td style=\"text-align: center;\">\u2713<\/td>\n<td style=\"text-align: center;\">\u2713<\/td>\n<\/tr>\n<tr>\n<td>Lista de IPs confi\u00e1veis (lista branca de endere\u00e7os IP)<\/td>\n<td style=\"text-align: center;\"> <\/td>\n<td style=\"text-align: center;\">\u2713<\/td>\n<td style=\"text-align: center;\">\u2713<\/td>\n<td style=\"text-align: center;\">\u2713<\/td>\n<\/tr>\n<tr>\n<td>Registro de transa\u00e7\u00f5es e configura\u00e7\u00f5es<\/td>\n<td style=\"text-align: center;\"> <\/td>\n<td style=\"text-align: center;\">\u2713<\/td>\n<td style=\"text-align: center;\">\u2713<\/td>\n<td style=\"text-align: center;\">\u2713<\/td>\n<\/tr>\n<tr>\n<td>Altera\u00e7\u00e3o aud\u00edvel (na abertura da gaveta ou na dura\u00e7\u00e3o da abertura da gaveta)<\/td>\n<td style=\"text-align: center;\"> <\/td>\n<td style=\"text-align: center;\">\u2713<\/td>\n<td style=\"text-align: center;\">\u2713<\/td>\n<td style=\"text-align: center;\">\u2713<\/td>\n<\/tr>\n<tr>\n<td>Rel\u00f3gio de bordo (para mensagens de registro)<\/td>\n<td style=\"text-align: center;\"> <\/td>\n<td style=\"text-align: center;\">\u2713<\/td>\n<td style=\"text-align: center;\">\u2713<\/td>\n<td style=\"text-align: center;\">\u2713<\/td>\n<\/tr>\n<tr>\n<td>Bateria de reserva para rel\u00f3gio<\/td>\n<td style=\"text-align: center;\"> <\/td>\n<td style=\"text-align: center;\">\u2713<\/td>\n<td style=\"text-align: center;\">\u2713<\/td>\n<td style=\"text-align: center;\">\u2713<\/td>\n<\/tr>\n<tr>\n<td>Fonte de alimenta\u00e7\u00e3o externa<\/td>\n<td style=\"text-align: center;\"> <\/td>\n<td style=\"text-align: center;\">\u2713<\/td>\n<td style=\"text-align: center;\"> <\/td>\n<td style=\"text-align: center;\">\u2713<\/td>\n<\/tr>\n<tr>\n<td>Power Over Ethernet<\/td>\n<td style=\"text-align: center;\"> <\/td>\n<td style=\"text-align: center;\"> <\/td>\n<td style=\"text-align: center;\">\u2713<\/td>\n<td style=\"text-align: center;\">\u2713<\/td>\n<\/tr>\n<tr>\n<td>Alimentado por USB<\/td>\n<td style=\"text-align: center;\"> <\/td>\n<td style=\"text-align: center;\"> <\/td>\n<td style=\"text-align: center;\"> <\/td>\n<td style=\"text-align: center;\">\u2713<\/td>\n<\/tr>\n<tr>\n<td>Registro de gaveta de eventos TCP e UDP (mensagens de registro)<\/td>\n<td style=\"text-align: center;\"> <\/td>\n<td style=\"text-align: center;\">\u2713<\/td>\n<td style=\"text-align: center;\">\u2713<\/td>\n<td style=\"text-align: center;\">\u2713<\/td>\n<\/tr>\n<tr>\n<td>Ethernet sem fio<\/td>\n<td style=\"text-align: center;\"> <\/td>\n<td style=\"text-align: center;\"> <\/td>\n<td style=\"text-align: center;\"> <\/td>\n<td style=\"text-align: center;\">\u2713<\/td>\n<\/tr>\n<tr>\n<td>Seguran\u00e7a da camada de transporte (TLS)<\/td>\n<td style=\"text-align: center;\"> <\/td>\n<td style=\"text-align: center;\"> <\/td>\n<td style=\"text-align: center;\"> <\/td>\n<td style=\"text-align: center;\">\u2713<\/td>\n<\/tr>\n<tr>\n<td>Bluetooth Low Energy (BLE) para provisionamento de Wi-Fi<\/td>\n<td style=\"text-align: center;\"> <\/td>\n<td style=\"text-align: center;\"> <\/td>\n<td style=\"text-align: center;\"> <\/td>\n<td style=\"text-align: center;\">\u2713<\/td>\n<\/tr>\n<tr>\n<td>Bluetooth Low Energy (BLE) para controle de gaveta<\/td>\n<td style=\"text-align: center;\"> <\/td>\n<td style=\"text-align: center;\"> <\/td>\n<td style=\"text-align: center;\"> <\/td>\n<td style=\"text-align: center;\">\u2713<\/td>\n<\/tr>\n<tr>\n<td>Suporte a Web Sockets<\/td>\n<td style=\"text-align: center;\"> <\/td>\n<td style=\"text-align: center;\"> <\/td>\n<td style=\"text-align: center;\"> <\/td>\n<td style=\"text-align: center;\">\u2713<\/td>\n<\/tr>\n<tr>\n<td>Servidor da Web integrado (configura\u00e7\u00e3o e controle da gaveta)<\/td>\n<td style=\"text-align: center;\"> <\/td>\n<td style=\"text-align: center;\"> <\/td>\n<td style=\"text-align: center;\"> <\/td>\n<td style=\"text-align: center;\">\u2713<\/td>\n<\/tr>\n<tr>\n<td>Atualiza\u00e7\u00f5es de firmware pelo ar (OTA)<\/td>\n<td style=\"text-align: center;\"> <\/td>\n<td style=\"text-align: center;\"> <\/td>\n<td style=\"text-align: center;\"> <\/td>\n<td style=\"text-align: center;\">\u2713<\/td>\n<\/tr>\n<\/tbody>\n<\/table>\n<\/figure>\n<p><\/p>\n<\/div>\n<p><\/p>\n<p><\/p>\t\t\t\t\t\t\t\t<\/div>\n\t\t\t\t<\/div>\n\t\t\t\t\t<\/div>\n\t\t<\/div>\n\t\t\t\t\t<\/div>\n\t\t<\/section>\n\t\t\t\t<\/div>\n\t\t","protected":false},"excerpt":{"rendered":"<p>Recurso NetPRO\u00ae 470 NetPRO\u00ae 480A NetPRO\u00ae 490A ShareTill Eventos TCP da gaveta (abre e fecha) \u2713 \u2713 \u2713 \u2713 UPD Announce (Transmiss\u00e3o de gaveta) \u2713 \u2713 \u2713 \u2713 Suporte a c\u00f3digo de barras para verifica\u00e7\u00e3o de proximidade do caixa \u2713 \u2713 \u2713 \u2713 Lista de IPs confi\u00e1veis (lista branca de endere\u00e7os IP) \u2713 \u2713 \u2713 [&hellip;]<\/p>\n","protected":false},"author":2920,"featured_media":0,"parent":0,"menu_order":0,"comment_status":"closed","ping_status":"closed","template":"","meta":{"_acf_changed":false,"content-type":"","footnotes":""},"class_list":["post-112123","page","type-page","status-publish"],"yoast_head":"<!-- This site is optimized with the Yoast SEO Premium plugin v23.5 (Yoast SEO v27.2) - https:\/\/yoast.com\/product\/yoast-seo-premium-wordpress\/ -->\n<title>tabela de drivers de teste<\/title>\n<meta name=\"robots\" content=\"index, follow, max-snippet:-1, max-image-preview:large, max-video-preview:-1\" \/>\n<link rel=\"canonical\" href=\"https:\/\/apgsolutions.com\/pt-br\/test-drivers-table\/\" \/>\n<meta property=\"og:locale\" content=\"pt_BR\" \/>\n<meta property=\"og:type\" content=\"article\" \/>\n<meta property=\"og:title\" content=\"tabela de drivers de teste\" \/>\n<meta property=\"og:description\" content=\"Recurso NetPRO\u00ae 470 NetPRO\u00ae 480A NetPRO\u00ae 490A ShareTill Eventos TCP da gaveta (abre e fecha) \u2713 \u2713 \u2713 \u2713 UPD Announce (Transmiss\u00e3o de gaveta) \u2713 \u2713 \u2713 \u2713 Suporte a c\u00f3digo de barras para verifica\u00e7\u00e3o de proximidade do caixa \u2713 \u2713 \u2713 \u2713 Lista de IPs confi\u00e1veis (lista branca de endere\u00e7os IP) \u2713 \u2713 \u2713 [&hellip;]\" \/>\n<meta property=\"og:url\" content=\"https:\/\/apgsolutions.com\/pt-br\/test-drivers-table\/\" \/>\n<meta property=\"og:site_name\" content=\"apg\u00ae Solutions\" \/>\n<meta property=\"article:publisher\" content=\"https:\/\/www.facebook.com\/apgglobalsolutions\" \/>\n<meta property=\"article:modified_time\" content=\"2026-05-07T18:36:17+00:00\" \/>\n<meta name=\"twitter:card\" content=\"summary_large_image\" \/>\n<meta name=\"twitter:site\" content=\"@apg_solutions\" \/>\n<meta name=\"twitter:label1\" content=\"Est. tempo de leitura\" \/>\n\t<meta name=\"twitter:data1\" content=\"1 minuto\" \/>\n<script type=\"application\/ld+json\" class=\"yoast-schema-graph\">{\"@context\":\"https:\/\/schema.org\",\"@graph\":[{\"@type\":\"WebPage\",\"@id\":\"https:\/\/apgsolutions.com\/pt-br\/test-drivers-table\/\",\"url\":\"https:\/\/apgsolutions.com\/pt-br\/test-drivers-table\/\",\"name\":\"tabela de drivers de teste\",\"isPartOf\":{\"@id\":\"https:\/\/apgsolutions.com\/pt-br\/#website\"},\"datePublished\":\"2026-05-07T18:16:25+00:00\",\"dateModified\":\"2026-05-07T18:36:17+00:00\",\"inLanguage\":\"pt-BR\",\"potentialAction\":[{\"@type\":\"ReadAction\",\"target\":[\"https:\/\/apgsolutions.com\/pt-br\/test-drivers-table\/\"]}]},{\"@type\":\"WebSite\",\"@id\":\"https:\/\/apgsolutions.com\/pt-br\/#website\",\"url\":\"https:\/\/apgsolutions.com\/pt-br\/\",\"name\":\"APG Solutions, LLC\",\"description\":\"Trust at every point.\",\"publisher\":{\"@id\":\"https:\/\/apgsolutions.com\/pt-br\/#organization\"},\"potentialAction\":[{\"@type\":\"SearchAction\",\"target\":{\"@type\":\"EntryPoint\",\"urlTemplate\":\"https:\/\/apgsolutions.com\/pt-br\/?s={search_term_string}\"},\"query-input\":{\"@type\":\"PropertyValueSpecification\",\"valueRequired\":true,\"valueName\":\"search_term_string\"}}],\"inLanguage\":\"pt-BR\"},{\"@type\":\"Organization\",\"@id\":\"https:\/\/apgsolutions.com\/pt-br\/#organization\",\"name\":\"APG Solution, LLC\",\"url\":\"https:\/\/apgsolutions.com\/pt-br\/\",\"logo\":{\"@type\":\"ImageObject\",\"inLanguage\":\"pt-BR\",\"@id\":\"https:\/\/apgsolutions.com\/pt-br\/#\/schema\/logo\/image\/\",\"url\":\"https:\/\/apgsolutions.com\/wp-content\/uploads\/2023\/12\/logomark-color.svg\",\"contentUrl\":\"https:\/\/apgsolutions.com\/wp-content\/uploads\/2023\/12\/logomark-color.svg\",\"width\":141,\"height\":138,\"caption\":\"APG Solution, LLC\"},\"image\":{\"@id\":\"https:\/\/apgsolutions.com\/pt-br\/#\/schema\/logo\/image\/\"},\"sameAs\":[\"https:\/\/www.facebook.com\/apgglobalsolutions\",\"https:\/\/x.com\/apg_solutions\",\"https:\/\/www.youtube.com\/c\/CashManagementGlobalSolutionsbyapg\",\"https:\/\/www.linkedin.com\/company\/apgglobalsolutions\/\",\"https:\/\/www.instagram.com\/apgglobalsolutions\/\",\"https:\/\/www.pinterest.com\/apgcashdrawer\/\"]}]}<\/script>\n<!-- \/ Yoast SEO Premium plugin. -->","yoast_head_json":{"title":"tabela de drivers de teste","robots":{"index":"index","follow":"follow","max-snippet":"max-snippet:-1","max-image-preview":"max-image-preview:large","max-video-preview":"max-video-preview:-1"},"canonical":"https:\/\/apgsolutions.com\/pt-br\/test-drivers-table\/","og_locale":"pt_BR","og_type":"article","og_title":"tabela de drivers de teste","og_description":"Recurso NetPRO\u00ae 470 NetPRO\u00ae 480A NetPRO\u00ae 490A ShareTill Eventos TCP da gaveta (abre e fecha) \u2713 \u2713 \u2713 \u2713 UPD Announce (Transmiss\u00e3o de gaveta) \u2713 \u2713 \u2713 \u2713 Suporte a c\u00f3digo de barras para verifica\u00e7\u00e3o de proximidade do caixa \u2713 \u2713 \u2713 \u2713 Lista de IPs confi\u00e1veis (lista branca de endere\u00e7os IP) \u2713 \u2713 \u2713 [&hellip;]","og_url":"https:\/\/apgsolutions.com\/pt-br\/test-drivers-table\/","og_site_name":"apg\u00ae Solutions","article_publisher":"https:\/\/www.facebook.com\/apgglobalsolutions","article_modified_time":"2026-05-07T18:36:17+00:00","twitter_card":"summary_large_image","twitter_site":"@apg_solutions","twitter_misc":{"Est. tempo de leitura":"1 minuto"},"schema":{"@context":"https:\/\/schema.org","@graph":[{"@type":"WebPage","@id":"https:\/\/apgsolutions.com\/pt-br\/test-drivers-table\/","url":"https:\/\/apgsolutions.com\/pt-br\/test-drivers-table\/","name":"tabela de drivers de teste","isPartOf":{"@id":"https:\/\/apgsolutions.com\/pt-br\/#website"},"datePublished":"2026-05-07T18:16:25+00:00","dateModified":"2026-05-07T18:36:17+00:00","inLanguage":"pt-BR","potentialAction":[{"@type":"ReadAction","target":["https:\/\/apgsolutions.com\/pt-br\/test-drivers-table\/"]}]},{"@type":"WebSite","@id":"https:\/\/apgsolutions.com\/pt-br\/#website","url":"https:\/\/apgsolutions.com\/pt-br\/","name":"APG Solutions, LLC","description":"Trust at every point.","publisher":{"@id":"https:\/\/apgsolutions.com\/pt-br\/#organization"},"potentialAction":[{"@type":"SearchAction","target":{"@type":"EntryPoint","urlTemplate":"https:\/\/apgsolutions.com\/pt-br\/?s={search_term_string}"},"query-input":{"@type":"PropertyValueSpecification","valueRequired":true,"valueName":"search_term_string"}}],"inLanguage":"pt-BR"},{"@type":"Organization","@id":"https:\/\/apgsolutions.com\/pt-br\/#organization","name":"APG Solution, LLC","url":"https:\/\/apgsolutions.com\/pt-br\/","logo":{"@type":"ImageObject","inLanguage":"pt-BR","@id":"https:\/\/apgsolutions.com\/pt-br\/#\/schema\/logo\/image\/","url":"https:\/\/apgsolutions.com\/wp-content\/uploads\/2023\/12\/logomark-color.svg","contentUrl":"https:\/\/apgsolutions.com\/wp-content\/uploads\/2023\/12\/logomark-color.svg","width":141,"height":138,"caption":"APG Solution, LLC"},"image":{"@id":"https:\/\/apgsolutions.com\/pt-br\/#\/schema\/logo\/image\/"},"sameAs":["https:\/\/www.facebook.com\/apgglobalsolutions","https:\/\/x.com\/apg_solutions","https:\/\/www.youtube.com\/c\/CashManagementGlobalSolutionsbyapg","https:\/\/www.linkedin.com\/company\/apgglobalsolutions\/","https:\/\/www.instagram.com\/apgglobalsolutions\/","https:\/\/www.pinterest.com\/apgcashdrawer\/"]}]}},"acf":[],"_links":{"self":[{"href":"https:\/\/apgsolutions.com\/pt-br\/wp-json\/wp\/v2\/pages\/112123","targetHints":{"allow":["GET"]}}],"collection":[{"href":"https:\/\/apgsolutions.com\/pt-br\/wp-json\/wp\/v2\/pages"}],"about":[{"href":"https:\/\/apgsolutions.com\/pt-br\/wp-json\/wp\/v2\/types\/page"}],"author":[{"embeddable":true,"href":"https:\/\/apgsolutions.com\/pt-br\/wp-json\/wp\/v2\/users\/2920"}],"replies":[{"embeddable":true,"href":"https:\/\/apgsolutions.com\/pt-br\/wp-json\/wp\/v2\/comments?post=112123"}],"version-history":[{"count":4,"href":"https:\/\/apgsolutions.com\/pt-br\/wp-json\/wp\/v2\/pages\/112123\/revisions"}],"predecessor-version":[{"id":112165,"href":"https:\/\/apgsolutions.com\/pt-br\/wp-json\/wp\/v2\/pages\/112123\/revisions\/112165"}],"wp:attachment":[{"href":"https:\/\/apgsolutions.com\/pt-br\/wp-json\/wp\/v2\/media?parent=112123"}],"curies":[{"name":"wp","href":"https:\/\/api.w.org\/{rel}","templated":true}]}}