{"id":108549,"date":"2026-03-20T10:19:57","date_gmt":"2026-03-20T10:19:57","guid":{"rendered":"https:\/\/apgsolutions.com\/store\/vpk-15b-5-bx\/"},"modified":"2026-03-20T10:19:57","modified_gmt":"2026-03-20T10:19:57","slug":"vpk-15b-5-bx","status":"publish","type":"product","link":"https:\/\/apgsolutions.com\/pt-br\/store\/vpk-15b-5-bx\/","title":{"rendered":"VPK-15B-5-BX"},"content":{"rendered":"<p>4 c\u00e9dulas e 8 moedas com larguras ajust\u00e1veis para c\u00e9dulas e moedas, pronto para o Euro, adequado para gavetas de dinheiro de tamanho 1616 e 1618 da Vasario. O caixa mede 14,2 x 12,65 x 2,4 polegadas \/ 361 x 321 x 61 mm. Moedas que se encaixam neste caixa: D\u00f3lar canadense, d\u00f3lar neozeland\u00eas, rublo russo, dirham marroquino, won sul-coreano, francos su\u00ed\u00e7os, lira turca, d\u00f3lar jamaicano, baht tailand\u00eas, dinar do Bahrein, renminbi chin\u00eas, peso chileno, dinar jordaniano, litas lituano, libra esterlina brit\u00e2nica, bolivianos bolivianos, d\u00f3lar australiano, c\u00f3lon costarriquenho, coroa dinamarquesa, d\u00f3lar de Fiji, d\u00f3lar de Hong Kong, lats let\u00e3o, forint h\u00fangaro, xelim queniano, euro, iene japon\u00eas, novo shekel israelense  <\/p>\n","protected":false},"excerpt":{"rendered":"<p>4 c\u00e9dulas e 8 moedas, pronto para Euro, compat\u00edvel com as gavetas de dinheiro Vasario 1616 e 1618<\/p>\n","protected":false},"featured_media":108551,"template":"","meta":{"_acf_changed":false,"content-type":""},"product_brand":[],"product_cat":[1149,1153,1086,1085],"product_tag":[],"class_list":{"0":"post-108549","1":"product","2":"type-product","3":"status-publish","4":"has-post-thumbnail","6":"product_cat-acessorios-para-servico-padrao","7":"product_cat-caixas-registradoras-insercoes","8":"product_cat-pecas-e-acessorios","9":"product_cat-todos-os-produtos","11":"first","12":"instock","13":"taxable","14":"shipping-taxable","15":"purchasable","16":"product-type-simple"},"yoast_head":"<!-- This site is optimized with the Yoast SEO Premium plugin v23.5 (Yoast SEO v27.2) - https:\/\/yoast.com\/product\/yoast-seo-premium-wordpress\/ -->\n<title>VPK-15B-5-BX | apg\u00ae Online Parts Accessories Store<\/title>\n<meta name=\"description\" content=\"Caixa para 4 c\u00e9dulas e 8 moedas. SKU: VPK-15B-5-BX. Clique aqui para acessar a loja on-line de pe\u00e7as e acess\u00f3rios da APG Cash Drawer e comprar esses acess\u00f3rios hoje mesmo\" \/>\n<meta name=\"robots\" content=\"index, follow, max-snippet:-1, max-image-preview:large, max-video-preview:-1\" \/>\n<link rel=\"canonical\" href=\"https:\/\/apgsolutions.com\/pt-br\/store\/vpk-15b-5-bx\/\" \/>\n<meta property=\"og:locale\" content=\"pt_BR\" \/>\n<meta property=\"og:type\" content=\"article\" \/>\n<meta property=\"og:title\" content=\"VPK-15B-5-BX | apg\u00ae Online Parts Accessories Store\" \/>\n<meta property=\"og:description\" content=\"Caixa para 4 c\u00e9dulas e 8 moedas. SKU: VPK-15B-5-BX. Clique aqui para acessar a loja on-line de pe\u00e7as e acess\u00f3rios da APG Cash Drawer e comprar esses acess\u00f3rios hoje mesmo\" \/>\n<meta property=\"og:url\" content=\"https:\/\/apgsolutions.com\/pt-br\/store\/vpk-15b-5-bx\/\" \/>\n<meta property=\"og:site_name\" content=\"apg\u00ae Solutions\" \/>\n<meta property=\"article:publisher\" content=\"https:\/\/www.facebook.com\/apgglobalsolutions\" \/>\n<meta property=\"og:image\" content=\"https:\/\/apgsolutions.com\/wp-content\/uploads\/2023\/05\/VPK-15B-5-BX.jpg\" \/>\n\t<meta property=\"og:image:width\" content=\"295\" \/>\n\t<meta property=\"og:image:height\" content=\"295\" \/>\n\t<meta property=\"og:image:type\" content=\"image\/jpeg\" \/>\n<meta name=\"twitter:card\" content=\"summary_large_image\" \/>\n<meta name=\"twitter:site\" content=\"@apg_solutions\" \/>\n<meta name=\"twitter:label1\" content=\"Est. tempo de leitura\" \/>\n\t<meta name=\"twitter:data1\" content=\"1 minuto\" \/>\n<script type=\"application\/ld+json\" class=\"yoast-schema-graph\">{\"@context\":\"https:\/\/schema.org\",\"@graph\":[{\"@type\":\"WebPage\",\"@id\":\"https:\/\/apgsolutions.com\/pt-br\/store\/vpk-15b-5-bx\/\",\"url\":\"https:\/\/apgsolutions.com\/pt-br\/store\/vpk-15b-5-bx\/\",\"name\":\"VPK-15B-5-BX | apg\u00ae Online Parts Accessories Store\",\"isPartOf\":{\"@id\":\"https:\/\/apgsolutions.com\/pt-br\/#website\"},\"primaryImageOfPage\":{\"@id\":\"https:\/\/apgsolutions.com\/pt-br\/store\/vpk-15b-5-bx\/#primaryimage\"},\"image\":{\"@id\":\"https:\/\/apgsolutions.com\/pt-br\/store\/vpk-15b-5-bx\/#primaryimage\"},\"thumbnailUrl\":\"https:\/\/apgsolutions.com\/wp-content\/uploads\/2023\/05\/VPK-15B-5-BX.jpg\",\"datePublished\":\"2026-03-20T10:19:57+00:00\",\"description\":\"Caixa para 4 c\u00e9dulas e 8 moedas. SKU: VPK-15B-5-BX. Clique aqui para acessar a loja on-line de pe\u00e7as e acess\u00f3rios da APG Cash Drawer e comprar esses acess\u00f3rios hoje mesmo\",\"breadcrumb\":{\"@id\":\"https:\/\/apgsolutions.com\/pt-br\/store\/vpk-15b-5-bx\/#breadcrumb\"},\"inLanguage\":\"pt-BR\",\"potentialAction\":[{\"@type\":\"ReadAction\",\"target\":[\"https:\/\/apgsolutions.com\/pt-br\/store\/vpk-15b-5-bx\/\"]}]},{\"@type\":\"ImageObject\",\"inLanguage\":\"pt-BR\",\"@id\":\"https:\/\/apgsolutions.com\/pt-br\/store\/vpk-15b-5-bx\/#primaryimage\",\"url\":\"https:\/\/apgsolutions.com\/wp-content\/uploads\/2023\/05\/VPK-15B-5-BX.jpg\",\"contentUrl\":\"https:\/\/apgsolutions.com\/wp-content\/uploads\/2023\/05\/VPK-15B-5-BX.jpg\",\"width\":295,\"height\":295,\"caption\":\"VPK-15B-5-BX\"},{\"@type\":\"BreadcrumbList\",\"@id\":\"https:\/\/apgsolutions.com\/pt-br\/store\/vpk-15b-5-bx\/#breadcrumb\",\"itemListElement\":[{\"@type\":\"ListItem\",\"position\":1,\"name\":\"U.S. Online Parts Store\",\"item\":\"https:\/\/apgsolutions.com\/store\/\"},{\"@type\":\"ListItem\",\"position\":2,\"name\":\"VPK-15B-5-BX\"}]},{\"@type\":\"WebSite\",\"@id\":\"https:\/\/apgsolutions.com\/pt-br\/#website\",\"url\":\"https:\/\/apgsolutions.com\/pt-br\/\",\"name\":\"APG Solutions, LLC\",\"description\":\"Trust at every point.\",\"publisher\":{\"@id\":\"https:\/\/apgsolutions.com\/pt-br\/#organization\"},\"potentialAction\":[{\"@type\":\"SearchAction\",\"target\":{\"@type\":\"EntryPoint\",\"urlTemplate\":\"https:\/\/apgsolutions.com\/pt-br\/?s={search_term_string}\"},\"query-input\":{\"@type\":\"PropertyValueSpecification\",\"valueRequired\":true,\"valueName\":\"search_term_string\"}}],\"inLanguage\":\"pt-BR\"},{\"@type\":\"Organization\",\"@id\":\"https:\/\/apgsolutions.com\/pt-br\/#organization\",\"name\":\"APG Solution, LLC\",\"url\":\"https:\/\/apgsolutions.com\/pt-br\/\",\"logo\":{\"@type\":\"ImageObject\",\"inLanguage\":\"pt-BR\",\"@id\":\"https:\/\/apgsolutions.com\/pt-br\/#\/schema\/logo\/image\/\",\"url\":\"https:\/\/apgsolutions.com\/wp-content\/uploads\/2023\/12\/logomark-color.svg\",\"contentUrl\":\"https:\/\/apgsolutions.com\/wp-content\/uploads\/2023\/12\/logomark-color.svg\",\"width\":141,\"height\":138,\"caption\":\"APG Solution, LLC\"},\"image\":{\"@id\":\"https:\/\/apgsolutions.com\/pt-br\/#\/schema\/logo\/image\/\"},\"sameAs\":[\"https:\/\/www.facebook.com\/apgglobalsolutions\",\"https:\/\/x.com\/apg_solutions\",\"https:\/\/www.youtube.com\/c\/CashManagementGlobalSolutionsbyapg\",\"https:\/\/www.linkedin.com\/company\/apgglobalsolutions\/\",\"https:\/\/www.instagram.com\/apgglobalsolutions\/\",\"https:\/\/www.pinterest.com\/apgcashdrawer\/\"]}]}<\/script>\n<!-- \/ Yoast SEO Premium plugin. -->","yoast_head_json":{"title":"VPK-15B-5-BX | apg\u00ae Online Parts Accessories Store","description":"Caixa para 4 c\u00e9dulas e 8 moedas. SKU: VPK-15B-5-BX. Clique aqui para acessar a loja on-line de pe\u00e7as e acess\u00f3rios da APG Cash Drawer e comprar esses acess\u00f3rios hoje mesmo","robots":{"index":"index","follow":"follow","max-snippet":"max-snippet:-1","max-image-preview":"max-image-preview:large","max-video-preview":"max-video-preview:-1"},"canonical":"https:\/\/apgsolutions.com\/pt-br\/store\/vpk-15b-5-bx\/","og_locale":"pt_BR","og_type":"article","og_title":"VPK-15B-5-BX | apg\u00ae Online Parts Accessories Store","og_description":"Caixa para 4 c\u00e9dulas e 8 moedas. SKU: VPK-15B-5-BX. Clique aqui para acessar a loja on-line de pe\u00e7as e acess\u00f3rios da APG Cash Drawer e comprar esses acess\u00f3rios hoje mesmo","og_url":"https:\/\/apgsolutions.com\/pt-br\/store\/vpk-15b-5-bx\/","og_site_name":"apg\u00ae Solutions","article_publisher":"https:\/\/www.facebook.com\/apgglobalsolutions","og_image":[{"width":295,"height":295,"url":"https:\/\/apgsolutions.com\/wp-content\/uploads\/2023\/05\/VPK-15B-5-BX.jpg","type":"image\/jpeg"}],"twitter_card":"summary_large_image","twitter_site":"@apg_solutions","twitter_misc":{"Est. tempo de leitura":"1 minuto"},"schema":{"@context":"https:\/\/schema.org","@graph":[{"@type":"WebPage","@id":"https:\/\/apgsolutions.com\/pt-br\/store\/vpk-15b-5-bx\/","url":"https:\/\/apgsolutions.com\/pt-br\/store\/vpk-15b-5-bx\/","name":"VPK-15B-5-BX | apg\u00ae Online Parts Accessories Store","isPartOf":{"@id":"https:\/\/apgsolutions.com\/pt-br\/#website"},"primaryImageOfPage":{"@id":"https:\/\/apgsolutions.com\/pt-br\/store\/vpk-15b-5-bx\/#primaryimage"},"image":{"@id":"https:\/\/apgsolutions.com\/pt-br\/store\/vpk-15b-5-bx\/#primaryimage"},"thumbnailUrl":"https:\/\/apgsolutions.com\/wp-content\/uploads\/2023\/05\/VPK-15B-5-BX.jpg","datePublished":"2026-03-20T10:19:57+00:00","description":"Caixa para 4 c\u00e9dulas e 8 moedas. SKU: VPK-15B-5-BX. Clique aqui para acessar a loja on-line de pe\u00e7as e acess\u00f3rios da APG Cash Drawer e comprar esses acess\u00f3rios hoje mesmo","breadcrumb":{"@id":"https:\/\/apgsolutions.com\/pt-br\/store\/vpk-15b-5-bx\/#breadcrumb"},"inLanguage":"pt-BR","potentialAction":[{"@type":"ReadAction","target":["https:\/\/apgsolutions.com\/pt-br\/store\/vpk-15b-5-bx\/"]}]},{"@type":"ImageObject","inLanguage":"pt-BR","@id":"https:\/\/apgsolutions.com\/pt-br\/store\/vpk-15b-5-bx\/#primaryimage","url":"https:\/\/apgsolutions.com\/wp-content\/uploads\/2023\/05\/VPK-15B-5-BX.jpg","contentUrl":"https:\/\/apgsolutions.com\/wp-content\/uploads\/2023\/05\/VPK-15B-5-BX.jpg","width":295,"height":295,"caption":"VPK-15B-5-BX"},{"@type":"BreadcrumbList","@id":"https:\/\/apgsolutions.com\/pt-br\/store\/vpk-15b-5-bx\/#breadcrumb","itemListElement":[{"@type":"ListItem","position":1,"name":"U.S. Online Parts Store","item":"https:\/\/apgsolutions.com\/store\/"},{"@type":"ListItem","position":2,"name":"VPK-15B-5-BX"}]},{"@type":"WebSite","@id":"https:\/\/apgsolutions.com\/pt-br\/#website","url":"https:\/\/apgsolutions.com\/pt-br\/","name":"APG Solutions, LLC","description":"Trust at every point.","publisher":{"@id":"https:\/\/apgsolutions.com\/pt-br\/#organization"},"potentialAction":[{"@type":"SearchAction","target":{"@type":"EntryPoint","urlTemplate":"https:\/\/apgsolutions.com\/pt-br\/?s={search_term_string}"},"query-input":{"@type":"PropertyValueSpecification","valueRequired":true,"valueName":"search_term_string"}}],"inLanguage":"pt-BR"},{"@type":"Organization","@id":"https:\/\/apgsolutions.com\/pt-br\/#organization","name":"APG Solution, LLC","url":"https:\/\/apgsolutions.com\/pt-br\/","logo":{"@type":"ImageObject","inLanguage":"pt-BR","@id":"https:\/\/apgsolutions.com\/pt-br\/#\/schema\/logo\/image\/","url":"https:\/\/apgsolutions.com\/wp-content\/uploads\/2023\/12\/logomark-color.svg","contentUrl":"https:\/\/apgsolutions.com\/wp-content\/uploads\/2023\/12\/logomark-color.svg","width":141,"height":138,"caption":"APG Solution, LLC"},"image":{"@id":"https:\/\/apgsolutions.com\/pt-br\/#\/schema\/logo\/image\/"},"sameAs":["https:\/\/www.facebook.com\/apgglobalsolutions","https:\/\/x.com\/apg_solutions","https:\/\/www.youtube.com\/c\/CashManagementGlobalSolutionsbyapg","https:\/\/www.linkedin.com\/company\/apgglobalsolutions\/","https:\/\/www.instagram.com\/apgglobalsolutions\/","https:\/\/www.pinterest.com\/apgcashdrawer\/"]}]}},"acf":[],"_links":{"self":[{"href":"https:\/\/apgsolutions.com\/pt-br\/wp-json\/wp\/v2\/product\/108549","targetHints":{"allow":["GET"]}}],"collection":[{"href":"https:\/\/apgsolutions.com\/pt-br\/wp-json\/wp\/v2\/product"}],"about":[{"href":"https:\/\/apgsolutions.com\/pt-br\/wp-json\/wp\/v2\/types\/product"}],"wp:featuredmedia":[{"embeddable":true,"href":"https:\/\/apgsolutions.com\/pt-br\/wp-json\/wp\/v2\/media\/108551"}],"wp:attachment":[{"href":"https:\/\/apgsolutions.com\/pt-br\/wp-json\/wp\/v2\/media?parent=108549"}],"wp:term":[{"taxonomy":"product_brand","embeddable":true,"href":"https:\/\/apgsolutions.com\/pt-br\/wp-json\/wp\/v2\/product_brand?post=108549"},{"taxonomy":"product_cat","embeddable":true,"href":"https:\/\/apgsolutions.com\/pt-br\/wp-json\/wp\/v2\/product_cat?post=108549"},{"taxonomy":"product_tag","embeddable":true,"href":"https:\/\/apgsolutions.com\/pt-br\/wp-json\/wp\/v2\/product_tag?post=108549"}],"curies":[{"name":"wp","href":"https:\/\/api.w.org\/{rel}","templated":true}]}}