{"id":108552,"date":"2026-03-20T10:19:58","date_gmt":"2026-03-20T10:19:58","guid":{"rendered":"https:\/\/apgsolutions.com\/store\/vpk-15b-3-bx\/"},"modified":"2026-03-20T10:19:58","modified_gmt":"2026-03-20T10:19:58","slug":"vpk-15b-3-bx","status":"publish","type":"product","link":"https:\/\/apgsolutions.com\/pt-br\/store\/vpk-15b-3-bx\/","title":{"rendered":"VPK-15B-3-BX"},"content":{"rendered":"<p>\u00c1rea fixa para c\u00e9dulas e moedas, suportes de arame para c\u00e9dulas, 5 c\u00e9dulas x 5 moedas, compat\u00edvel com gavetas de dinheiro de tamanho 1915 da Vasario. O caixa mede 16,0 x 11,0 x 2,2 polegadas \/ 407 x 278 x 55 mm. Moedas que cabem neste caixa: d\u00f3lar americano, dirham dos Emirados \u00c1rabes Unidos, rial saudita, rial do Catar, coroa norueguesa, ringgit da Mal\u00e1sia, dinar do Kuwait, coroa islandesa, coroa estoniana, d\u00f3lar das Bahamas, peso argentino  <\/p>\n","protected":false},"excerpt":{"rendered":"<p>Conjunto fixo de caixa registradora 5\u00d75 com suportes para c\u00e9dulas de arame &#8211; adequado para gavetas de dinheiro Vasario tamanho 1915.<\/p>\n<ul>\n<li>INSER\u00c7\u00c3O DA Gaveta: Caixa de pl\u00e1stico ABS preto para gavetas de dinheiro APG Vasario 1915, vendidas separadamente. Adequado para sistemas de ponto de venda e armazenamento tempor\u00e1rio de dinheiro. Utiliza cinco compartimentos para c\u00e9dulas e cinco compartimentos para moedas para organizar o dinheiro.  <\/li>\n<li>PROJETO: o caixa \u00e9 feito de pl\u00e1stico ABS (acrilonitrila butadieno estireno) para maior rigidez e resist\u00eancia a impactos e abras\u00e3o. Com acabamento em arame com mola para manter as c\u00e9dulas seguras no lugar e com abertura para inserir ou retirar as c\u00e9dulas. <\/li>\n<li>TROCA R\u00c1PIDA E F\u00c1CIL: com a caixa de pl\u00e1stico ABS para servi\u00e7o padr\u00e3o, voc\u00ea pode substituir ou fazer a contagem regressiva da caixa usada de forma r\u00e1pida e f\u00e1cil, sem atrasar o tempo das transa\u00e7\u00f5es.<\/li>\n<li>DINHEIRO POR DENOMINA\u00c7\u00c3O: os cinco compartimentos organizam o dinheiro por denomina\u00e7\u00e3o. As moedas compat\u00edveis incluem ARS, MYR e USD <\/li>\n<li>DIMENS\u00d5ES: O Till mede 16,0&#8243; x 11,0&#8243; x 2,2&#8243;. Compat\u00edvel com gavetas de dinheiro: Vasario 1915 <\/li>\n<\/ul>\n","protected":false},"featured_media":108554,"template":"","meta":{"_acf_changed":false,"content-type":""},"product_brand":[],"product_cat":[1149,1153,1086,1085],"product_tag":[],"class_list":{"0":"post-108552","1":"product","2":"type-product","3":"status-publish","4":"has-post-thumbnail","6":"product_cat-acessorios-para-servico-padrao","7":"product_cat-caixas-registradoras-insercoes","8":"product_cat-pecas-e-acessorios","9":"product_cat-todos-os-produtos","11":"first","12":"instock","13":"taxable","14":"shipping-taxable","15":"purchasable","16":"product-type-simple"},"yoast_head":"<!-- This site is optimized with the Yoast SEO Premium plugin v23.5 (Yoast SEO v27.2) - https:\/\/yoast.com\/product\/yoast-seo-premium-wordpress\/ -->\n<title>VPK-15B-3-BX | apg\u00ae Online Parts Accessories Store<\/title>\n<meta name=\"description\" content=\"Vasario 1915 Till. SKU: VPK-15B-3-BX. Clique aqui para navegar na loja on-line de pe\u00e7as e acess\u00f3rios da APG Cash Drawer e comprar esses acess\u00f3rios hoje mesmo.\" \/>\n<meta name=\"robots\" content=\"index, follow, max-snippet:-1, max-image-preview:large, max-video-preview:-1\" \/>\n<link rel=\"canonical\" href=\"https:\/\/apgsolutions.com\/pt-br\/store\/vpk-15b-3-bx\/\" \/>\n<meta property=\"og:locale\" content=\"pt_BR\" \/>\n<meta property=\"og:type\" content=\"article\" \/>\n<meta property=\"og:title\" content=\"VPK-15B-3-BX | apg\u00ae Online Parts Accessories Store\" \/>\n<meta property=\"og:description\" content=\"Vasario 1915 Till. SKU: VPK-15B-3-BX. Clique aqui para navegar na loja on-line de pe\u00e7as e acess\u00f3rios da APG Cash Drawer e comprar esses acess\u00f3rios hoje mesmo.\" \/>\n<meta property=\"og:url\" content=\"https:\/\/apgsolutions.com\/pt-br\/store\/vpk-15b-3-bx\/\" \/>\n<meta property=\"og:site_name\" content=\"apg\u00ae Solutions\" \/>\n<meta property=\"article:publisher\" content=\"https:\/\/www.facebook.com\/apgglobalsolutions\" \/>\n<meta property=\"og:image\" content=\"https:\/\/apgsolutions.com\/wp-content\/uploads\/2023\/05\/VPK-15B-3-BX.jpg\" \/>\n\t<meta property=\"og:image:width\" content=\"295\" \/>\n\t<meta property=\"og:image:height\" content=\"295\" \/>\n\t<meta property=\"og:image:type\" content=\"image\/jpeg\" \/>\n<meta name=\"twitter:card\" content=\"summary_large_image\" \/>\n<meta name=\"twitter:site\" content=\"@apg_solutions\" \/>\n<script type=\"application\/ld+json\" class=\"yoast-schema-graph\">{\"@context\":\"https:\/\/schema.org\",\"@graph\":[{\"@type\":\"WebPage\",\"@id\":\"https:\/\/apgsolutions.com\/pt-br\/store\/vpk-15b-3-bx\/\",\"url\":\"https:\/\/apgsolutions.com\/pt-br\/store\/vpk-15b-3-bx\/\",\"name\":\"VPK-15B-3-BX | apg\u00ae Online Parts Accessories Store\",\"isPartOf\":{\"@id\":\"https:\/\/apgsolutions.com\/pt-br\/#website\"},\"primaryImageOfPage\":{\"@id\":\"https:\/\/apgsolutions.com\/pt-br\/store\/vpk-15b-3-bx\/#primaryimage\"},\"image\":{\"@id\":\"https:\/\/apgsolutions.com\/pt-br\/store\/vpk-15b-3-bx\/#primaryimage\"},\"thumbnailUrl\":\"https:\/\/apgsolutions.com\/wp-content\/uploads\/2023\/05\/VPK-15B-3-BX.jpg\",\"datePublished\":\"2026-03-20T10:19:58+00:00\",\"description\":\"Vasario 1915 Till. SKU: VPK-15B-3-BX. Clique aqui para navegar na loja on-line de pe\u00e7as e acess\u00f3rios da APG Cash Drawer e comprar esses acess\u00f3rios hoje mesmo.\",\"breadcrumb\":{\"@id\":\"https:\/\/apgsolutions.com\/pt-br\/store\/vpk-15b-3-bx\/#breadcrumb\"},\"inLanguage\":\"pt-BR\",\"potentialAction\":[{\"@type\":\"ReadAction\",\"target\":[\"https:\/\/apgsolutions.com\/pt-br\/store\/vpk-15b-3-bx\/\"]}]},{\"@type\":\"ImageObject\",\"inLanguage\":\"pt-BR\",\"@id\":\"https:\/\/apgsolutions.com\/pt-br\/store\/vpk-15b-3-bx\/#primaryimage\",\"url\":\"https:\/\/apgsolutions.com\/wp-content\/uploads\/2023\/05\/VPK-15B-3-BX.jpg\",\"contentUrl\":\"https:\/\/apgsolutions.com\/wp-content\/uploads\/2023\/05\/VPK-15B-3-BX.jpg\",\"width\":295,\"height\":295,\"caption\":\"VPK-15B-3-BX\"},{\"@type\":\"BreadcrumbList\",\"@id\":\"https:\/\/apgsolutions.com\/pt-br\/store\/vpk-15b-3-bx\/#breadcrumb\",\"itemListElement\":[{\"@type\":\"ListItem\",\"position\":1,\"name\":\"U.S. Online Parts Store\",\"item\":\"https:\/\/apgsolutions.com\/store\/\"},{\"@type\":\"ListItem\",\"position\":2,\"name\":\"VPK-15B-3-BX\"}]},{\"@type\":\"WebSite\",\"@id\":\"https:\/\/apgsolutions.com\/pt-br\/#website\",\"url\":\"https:\/\/apgsolutions.com\/pt-br\/\",\"name\":\"APG Solutions, LLC\",\"description\":\"Trust at every point.\",\"publisher\":{\"@id\":\"https:\/\/apgsolutions.com\/pt-br\/#organization\"},\"potentialAction\":[{\"@type\":\"SearchAction\",\"target\":{\"@type\":\"EntryPoint\",\"urlTemplate\":\"https:\/\/apgsolutions.com\/pt-br\/?s={search_term_string}\"},\"query-input\":{\"@type\":\"PropertyValueSpecification\",\"valueRequired\":true,\"valueName\":\"search_term_string\"}}],\"inLanguage\":\"pt-BR\"},{\"@type\":\"Organization\",\"@id\":\"https:\/\/apgsolutions.com\/pt-br\/#organization\",\"name\":\"APG Solution, LLC\",\"url\":\"https:\/\/apgsolutions.com\/pt-br\/\",\"logo\":{\"@type\":\"ImageObject\",\"inLanguage\":\"pt-BR\",\"@id\":\"https:\/\/apgsolutions.com\/pt-br\/#\/schema\/logo\/image\/\",\"url\":\"https:\/\/apgsolutions.com\/wp-content\/uploads\/2023\/12\/logomark-color.svg\",\"contentUrl\":\"https:\/\/apgsolutions.com\/wp-content\/uploads\/2023\/12\/logomark-color.svg\",\"width\":141,\"height\":138,\"caption\":\"APG Solution, LLC\"},\"image\":{\"@id\":\"https:\/\/apgsolutions.com\/pt-br\/#\/schema\/logo\/image\/\"},\"sameAs\":[\"https:\/\/www.facebook.com\/apgglobalsolutions\",\"https:\/\/x.com\/apg_solutions\",\"https:\/\/www.youtube.com\/c\/CashManagementGlobalSolutionsbyapg\",\"https:\/\/www.linkedin.com\/company\/apgglobalsolutions\/\",\"https:\/\/www.instagram.com\/apgglobalsolutions\/\",\"https:\/\/www.pinterest.com\/apgcashdrawer\/\"]}]}<\/script>\n<!-- \/ Yoast SEO Premium plugin. -->","yoast_head_json":{"title":"VPK-15B-3-BX | apg\u00ae Online Parts Accessories Store","description":"Vasario 1915 Till. SKU: VPK-15B-3-BX. Clique aqui para navegar na loja on-line de pe\u00e7as e acess\u00f3rios da APG Cash Drawer e comprar esses acess\u00f3rios hoje mesmo.","robots":{"index":"index","follow":"follow","max-snippet":"max-snippet:-1","max-image-preview":"max-image-preview:large","max-video-preview":"max-video-preview:-1"},"canonical":"https:\/\/apgsolutions.com\/pt-br\/store\/vpk-15b-3-bx\/","og_locale":"pt_BR","og_type":"article","og_title":"VPK-15B-3-BX | apg\u00ae Online Parts Accessories Store","og_description":"Vasario 1915 Till. SKU: VPK-15B-3-BX. Clique aqui para navegar na loja on-line de pe\u00e7as e acess\u00f3rios da APG Cash Drawer e comprar esses acess\u00f3rios hoje mesmo.","og_url":"https:\/\/apgsolutions.com\/pt-br\/store\/vpk-15b-3-bx\/","og_site_name":"apg\u00ae Solutions","article_publisher":"https:\/\/www.facebook.com\/apgglobalsolutions","og_image":[{"width":295,"height":295,"url":"https:\/\/apgsolutions.com\/wp-content\/uploads\/2023\/05\/VPK-15B-3-BX.jpg","type":"image\/jpeg"}],"twitter_card":"summary_large_image","twitter_site":"@apg_solutions","schema":{"@context":"https:\/\/schema.org","@graph":[{"@type":"WebPage","@id":"https:\/\/apgsolutions.com\/pt-br\/store\/vpk-15b-3-bx\/","url":"https:\/\/apgsolutions.com\/pt-br\/store\/vpk-15b-3-bx\/","name":"VPK-15B-3-BX | apg\u00ae Online Parts Accessories Store","isPartOf":{"@id":"https:\/\/apgsolutions.com\/pt-br\/#website"},"primaryImageOfPage":{"@id":"https:\/\/apgsolutions.com\/pt-br\/store\/vpk-15b-3-bx\/#primaryimage"},"image":{"@id":"https:\/\/apgsolutions.com\/pt-br\/store\/vpk-15b-3-bx\/#primaryimage"},"thumbnailUrl":"https:\/\/apgsolutions.com\/wp-content\/uploads\/2023\/05\/VPK-15B-3-BX.jpg","datePublished":"2026-03-20T10:19:58+00:00","description":"Vasario 1915 Till. SKU: VPK-15B-3-BX. Clique aqui para navegar na loja on-line de pe\u00e7as e acess\u00f3rios da APG Cash Drawer e comprar esses acess\u00f3rios hoje mesmo.","breadcrumb":{"@id":"https:\/\/apgsolutions.com\/pt-br\/store\/vpk-15b-3-bx\/#breadcrumb"},"inLanguage":"pt-BR","potentialAction":[{"@type":"ReadAction","target":["https:\/\/apgsolutions.com\/pt-br\/store\/vpk-15b-3-bx\/"]}]},{"@type":"ImageObject","inLanguage":"pt-BR","@id":"https:\/\/apgsolutions.com\/pt-br\/store\/vpk-15b-3-bx\/#primaryimage","url":"https:\/\/apgsolutions.com\/wp-content\/uploads\/2023\/05\/VPK-15B-3-BX.jpg","contentUrl":"https:\/\/apgsolutions.com\/wp-content\/uploads\/2023\/05\/VPK-15B-3-BX.jpg","width":295,"height":295,"caption":"VPK-15B-3-BX"},{"@type":"BreadcrumbList","@id":"https:\/\/apgsolutions.com\/pt-br\/store\/vpk-15b-3-bx\/#breadcrumb","itemListElement":[{"@type":"ListItem","position":1,"name":"U.S. Online Parts Store","item":"https:\/\/apgsolutions.com\/store\/"},{"@type":"ListItem","position":2,"name":"VPK-15B-3-BX"}]},{"@type":"WebSite","@id":"https:\/\/apgsolutions.com\/pt-br\/#website","url":"https:\/\/apgsolutions.com\/pt-br\/","name":"APG Solutions, LLC","description":"Trust at every point.","publisher":{"@id":"https:\/\/apgsolutions.com\/pt-br\/#organization"},"potentialAction":[{"@type":"SearchAction","target":{"@type":"EntryPoint","urlTemplate":"https:\/\/apgsolutions.com\/pt-br\/?s={search_term_string}"},"query-input":{"@type":"PropertyValueSpecification","valueRequired":true,"valueName":"search_term_string"}}],"inLanguage":"pt-BR"},{"@type":"Organization","@id":"https:\/\/apgsolutions.com\/pt-br\/#organization","name":"APG Solution, LLC","url":"https:\/\/apgsolutions.com\/pt-br\/","logo":{"@type":"ImageObject","inLanguage":"pt-BR","@id":"https:\/\/apgsolutions.com\/pt-br\/#\/schema\/logo\/image\/","url":"https:\/\/apgsolutions.com\/wp-content\/uploads\/2023\/12\/logomark-color.svg","contentUrl":"https:\/\/apgsolutions.com\/wp-content\/uploads\/2023\/12\/logomark-color.svg","width":141,"height":138,"caption":"APG Solution, LLC"},"image":{"@id":"https:\/\/apgsolutions.com\/pt-br\/#\/schema\/logo\/image\/"},"sameAs":["https:\/\/www.facebook.com\/apgglobalsolutions","https:\/\/x.com\/apg_solutions","https:\/\/www.youtube.com\/c\/CashManagementGlobalSolutionsbyapg","https:\/\/www.linkedin.com\/company\/apgglobalsolutions\/","https:\/\/www.instagram.com\/apgglobalsolutions\/","https:\/\/www.pinterest.com\/apgcashdrawer\/"]}]}},"acf":[],"_links":{"self":[{"href":"https:\/\/apgsolutions.com\/pt-br\/wp-json\/wp\/v2\/product\/108552","targetHints":{"allow":["GET"]}}],"collection":[{"href":"https:\/\/apgsolutions.com\/pt-br\/wp-json\/wp\/v2\/product"}],"about":[{"href":"https:\/\/apgsolutions.com\/pt-br\/wp-json\/wp\/v2\/types\/product"}],"wp:featuredmedia":[{"embeddable":true,"href":"https:\/\/apgsolutions.com\/pt-br\/wp-json\/wp\/v2\/media\/108554"}],"wp:attachment":[{"href":"https:\/\/apgsolutions.com\/pt-br\/wp-json\/wp\/v2\/media?parent=108552"}],"wp:term":[{"taxonomy":"product_brand","embeddable":true,"href":"https:\/\/apgsolutions.com\/pt-br\/wp-json\/wp\/v2\/product_brand?post=108552"},{"taxonomy":"product_cat","embeddable":true,"href":"https:\/\/apgsolutions.com\/pt-br\/wp-json\/wp\/v2\/product_cat?post=108552"},{"taxonomy":"product_tag","embeddable":true,"href":"https:\/\/apgsolutions.com\/pt-br\/wp-json\/wp\/v2\/product_tag?post=108552"}],"curies":[{"name":"wp","href":"https:\/\/api.w.org\/{rel}","templated":true}]}}