{"id":109996,"date":"2026-03-20T15:22:30","date_gmt":"2026-03-20T15:22:30","guid":{"rendered":"https:\/\/apgsolutions.com\/store\/pk-15ta-m3-bx\/"},"modified":"2026-03-20T15:22:30","modified_gmt":"2026-03-20T15:22:30","slug":"pk-15ta-m3-bx","status":"publish","type":"product","link":"https:\/\/apgsolutions.com\/pt-br\/store\/pk-15ta-m3-bx\/","title":{"rendered":"PK-15TA-M3-BX"},"content":{"rendered":"<p>Formato Lay Flat do d\u00f3lar canadense com 8 moedas e 5 notas. O caixa mede 15,4 x 11,1 x 2,4 polegadas \/ 391 x 282 x 61 mm. Moedas que cabem neste caixa: d\u00f3lar jamaicano, dinar bareinita, bolivianos, real brasileiro, d\u00f3lar canadense, peso chileno, novo shekel israelense, lats let\u00e3o, litas lituano, peso mexicano, novo sol peruano, rublo russo, dinar s\u00e9rvio, zloty polon\u00eas, lari georgiano  <\/p>\n","protected":false},"excerpt":{"rendered":"<p>D\u00f3lar canadense em formato Lay Flat 8 moedas, 5 notas<\/p>\n","protected":false},"featured_media":109998,"template":"","meta":{"_acf_changed":false,"content-type":""},"product_brand":[],"product_cat":[1090,1093,1095,1175,1086,1089,1088,1085],"product_tag":[],"class_list":{"0":"post-109996","1":"product","2":"type-product","3":"status-publish","4":"has-post-thumbnail","6":"product_cat-acessorios-para-servicos-pesados","7":"product_cat-caixas-registradoras-insercoes","10":"product_cat-pecas-e-acessorios","11":"product_cat-serie-100","12":"product_cat-serie-4000","13":"product_cat-todos-os-produtos","14":"product_shipping_class-geral","16":"first","17":"instock","18":"taxable","19":"shipping-taxable","20":"purchasable","21":"product-type-simple"},"yoast_head":"<!-- This site is optimized with the Yoast SEO Premium plugin v23.5 (Yoast SEO v27.2) - https:\/\/yoast.com\/product\/yoast-seo-premium-wordpress\/ -->\n<title>PK-15TA-M3-BX | apg\u00ae Online Parts Accessories Store<\/title>\n<meta name=\"description\" content=\"Caixa para 5 notas x 8 moedas. SKU: PK-15TA-M3-BX. Clique aqui para navegar na loja on-line de pe\u00e7as e acess\u00f3rios da apg\u00ae e comprar esses acess\u00f3rios hoje mesmo.\" \/>\n<meta name=\"robots\" content=\"index, follow, max-snippet:-1, max-image-preview:large, max-video-preview:-1\" \/>\n<link rel=\"canonical\" href=\"https:\/\/apgsolutions.com\/pt-br\/store\/pk-15ta-m3-bx\/\" \/>\n<meta property=\"og:locale\" content=\"pt_BR\" \/>\n<meta property=\"og:type\" content=\"article\" \/>\n<meta property=\"og:title\" content=\"PK-15TA-M3-BX | apg\u00ae Online Parts Accessories Store\" \/>\n<meta property=\"og:description\" content=\"Caixa para 5 notas x 8 moedas. SKU: PK-15TA-M3-BX. Clique aqui para navegar na loja on-line de pe\u00e7as e acess\u00f3rios da apg\u00ae e comprar esses acess\u00f3rios hoje mesmo.\" \/>\n<meta property=\"og:url\" content=\"https:\/\/apgsolutions.com\/pt-br\/store\/pk-15ta-m3-bx\/\" \/>\n<meta property=\"og:site_name\" content=\"apg\u00ae Solutions\" \/>\n<meta property=\"article:publisher\" content=\"https:\/\/www.facebook.com\/apgglobalsolutions\" \/>\n<meta property=\"og:image\" content=\"https:\/\/apgsolutions.com\/wp-content\/uploads\/2023\/05\/PK-15TA-M3-BX.jpg\" \/>\n\t<meta property=\"og:image:width\" content=\"295\" \/>\n\t<meta property=\"og:image:height\" content=\"295\" \/>\n\t<meta property=\"og:image:type\" content=\"image\/jpeg\" \/>\n<meta name=\"twitter:card\" content=\"summary_large_image\" \/>\n<meta name=\"twitter:site\" content=\"@apg_solutions\" \/>\n<script type=\"application\/ld+json\" class=\"yoast-schema-graph\">{\"@context\":\"https:\/\/schema.org\",\"@graph\":[{\"@type\":\"WebPage\",\"@id\":\"https:\/\/apgsolutions.com\/pt-br\/store\/pk-15ta-m3-bx\/\",\"url\":\"https:\/\/apgsolutions.com\/pt-br\/store\/pk-15ta-m3-bx\/\",\"name\":\"PK-15TA-M3-BX | apg\u00ae Online Parts Accessories Store\",\"isPartOf\":{\"@id\":\"https:\/\/apgsolutions.com\/pt-br\/#website\"},\"primaryImageOfPage\":{\"@id\":\"https:\/\/apgsolutions.com\/pt-br\/store\/pk-15ta-m3-bx\/#primaryimage\"},\"image\":{\"@id\":\"https:\/\/apgsolutions.com\/pt-br\/store\/pk-15ta-m3-bx\/#primaryimage\"},\"thumbnailUrl\":\"https:\/\/apgsolutions.com\/wp-content\/uploads\/2023\/05\/PK-15TA-M3-BX.jpg\",\"datePublished\":\"2026-03-20T15:22:30+00:00\",\"description\":\"Caixa para 5 notas x 8 moedas. SKU: PK-15TA-M3-BX. Clique aqui para navegar na loja on-line de pe\u00e7as e acess\u00f3rios da apg\u00ae e comprar esses acess\u00f3rios hoje mesmo.\",\"breadcrumb\":{\"@id\":\"https:\/\/apgsolutions.com\/pt-br\/store\/pk-15ta-m3-bx\/#breadcrumb\"},\"inLanguage\":\"pt-BR\",\"potentialAction\":[{\"@type\":\"ReadAction\",\"target\":[\"https:\/\/apgsolutions.com\/pt-br\/store\/pk-15ta-m3-bx\/\"]}]},{\"@type\":\"ImageObject\",\"inLanguage\":\"pt-BR\",\"@id\":\"https:\/\/apgsolutions.com\/pt-br\/store\/pk-15ta-m3-bx\/#primaryimage\",\"url\":\"https:\/\/apgsolutions.com\/wp-content\/uploads\/2023\/05\/PK-15TA-M3-BX.jpg\",\"contentUrl\":\"https:\/\/apgsolutions.com\/wp-content\/uploads\/2023\/05\/PK-15TA-M3-BX.jpg\",\"width\":295,\"height\":295,\"caption\":\"PK-15TA-M3-BX\"},{\"@type\":\"BreadcrumbList\",\"@id\":\"https:\/\/apgsolutions.com\/pt-br\/store\/pk-15ta-m3-bx\/#breadcrumb\",\"itemListElement\":[{\"@type\":\"ListItem\",\"position\":1,\"name\":\"U.S. Online Parts Store\",\"item\":\"https:\/\/apgsolutions.com\/store\/\"},{\"@type\":\"ListItem\",\"position\":2,\"name\":\"PK-15TA-M3-BX\"}]},{\"@type\":\"WebSite\",\"@id\":\"https:\/\/apgsolutions.com\/pt-br\/#website\",\"url\":\"https:\/\/apgsolutions.com\/pt-br\/\",\"name\":\"APG Solutions, LLC\",\"description\":\"Trust at every point.\",\"publisher\":{\"@id\":\"https:\/\/apgsolutions.com\/pt-br\/#organization\"},\"potentialAction\":[{\"@type\":\"SearchAction\",\"target\":{\"@type\":\"EntryPoint\",\"urlTemplate\":\"https:\/\/apgsolutions.com\/pt-br\/?s={search_term_string}\"},\"query-input\":{\"@type\":\"PropertyValueSpecification\",\"valueRequired\":true,\"valueName\":\"search_term_string\"}}],\"inLanguage\":\"pt-BR\"},{\"@type\":\"Organization\",\"@id\":\"https:\/\/apgsolutions.com\/pt-br\/#organization\",\"name\":\"APG Solution, LLC\",\"url\":\"https:\/\/apgsolutions.com\/pt-br\/\",\"logo\":{\"@type\":\"ImageObject\",\"inLanguage\":\"pt-BR\",\"@id\":\"https:\/\/apgsolutions.com\/pt-br\/#\/schema\/logo\/image\/\",\"url\":\"https:\/\/apgsolutions.com\/wp-content\/uploads\/2023\/12\/logomark-color.svg\",\"contentUrl\":\"https:\/\/apgsolutions.com\/wp-content\/uploads\/2023\/12\/logomark-color.svg\",\"width\":141,\"height\":138,\"caption\":\"APG Solution, LLC\"},\"image\":{\"@id\":\"https:\/\/apgsolutions.com\/pt-br\/#\/schema\/logo\/image\/\"},\"sameAs\":[\"https:\/\/www.facebook.com\/apgglobalsolutions\",\"https:\/\/x.com\/apg_solutions\",\"https:\/\/www.youtube.com\/c\/CashManagementGlobalSolutionsbyapg\",\"https:\/\/www.linkedin.com\/company\/apgglobalsolutions\/\",\"https:\/\/www.instagram.com\/apgglobalsolutions\/\",\"https:\/\/www.pinterest.com\/apgcashdrawer\/\"]}]}<\/script>\n<!-- \/ Yoast SEO Premium plugin. -->","yoast_head_json":{"title":"PK-15TA-M3-BX | apg\u00ae Online Parts Accessories Store","description":"Caixa para 5 notas x 8 moedas. SKU: PK-15TA-M3-BX. Clique aqui para navegar na loja on-line de pe\u00e7as e acess\u00f3rios da apg\u00ae e comprar esses acess\u00f3rios hoje mesmo.","robots":{"index":"index","follow":"follow","max-snippet":"max-snippet:-1","max-image-preview":"max-image-preview:large","max-video-preview":"max-video-preview:-1"},"canonical":"https:\/\/apgsolutions.com\/pt-br\/store\/pk-15ta-m3-bx\/","og_locale":"pt_BR","og_type":"article","og_title":"PK-15TA-M3-BX | apg\u00ae Online Parts Accessories Store","og_description":"Caixa para 5 notas x 8 moedas. SKU: PK-15TA-M3-BX. Clique aqui para navegar na loja on-line de pe\u00e7as e acess\u00f3rios da apg\u00ae e comprar esses acess\u00f3rios hoje mesmo.","og_url":"https:\/\/apgsolutions.com\/pt-br\/store\/pk-15ta-m3-bx\/","og_site_name":"apg\u00ae Solutions","article_publisher":"https:\/\/www.facebook.com\/apgglobalsolutions","og_image":[{"width":295,"height":295,"url":"https:\/\/apgsolutions.com\/wp-content\/uploads\/2023\/05\/PK-15TA-M3-BX.jpg","type":"image\/jpeg"}],"twitter_card":"summary_large_image","twitter_site":"@apg_solutions","schema":{"@context":"https:\/\/schema.org","@graph":[{"@type":"WebPage","@id":"https:\/\/apgsolutions.com\/pt-br\/store\/pk-15ta-m3-bx\/","url":"https:\/\/apgsolutions.com\/pt-br\/store\/pk-15ta-m3-bx\/","name":"PK-15TA-M3-BX | apg\u00ae Online Parts Accessories Store","isPartOf":{"@id":"https:\/\/apgsolutions.com\/pt-br\/#website"},"primaryImageOfPage":{"@id":"https:\/\/apgsolutions.com\/pt-br\/store\/pk-15ta-m3-bx\/#primaryimage"},"image":{"@id":"https:\/\/apgsolutions.com\/pt-br\/store\/pk-15ta-m3-bx\/#primaryimage"},"thumbnailUrl":"https:\/\/apgsolutions.com\/wp-content\/uploads\/2023\/05\/PK-15TA-M3-BX.jpg","datePublished":"2026-03-20T15:22:30+00:00","description":"Caixa para 5 notas x 8 moedas. SKU: PK-15TA-M3-BX. Clique aqui para navegar na loja on-line de pe\u00e7as e acess\u00f3rios da apg\u00ae e comprar esses acess\u00f3rios hoje mesmo.","breadcrumb":{"@id":"https:\/\/apgsolutions.com\/pt-br\/store\/pk-15ta-m3-bx\/#breadcrumb"},"inLanguage":"pt-BR","potentialAction":[{"@type":"ReadAction","target":["https:\/\/apgsolutions.com\/pt-br\/store\/pk-15ta-m3-bx\/"]}]},{"@type":"ImageObject","inLanguage":"pt-BR","@id":"https:\/\/apgsolutions.com\/pt-br\/store\/pk-15ta-m3-bx\/#primaryimage","url":"https:\/\/apgsolutions.com\/wp-content\/uploads\/2023\/05\/PK-15TA-M3-BX.jpg","contentUrl":"https:\/\/apgsolutions.com\/wp-content\/uploads\/2023\/05\/PK-15TA-M3-BX.jpg","width":295,"height":295,"caption":"PK-15TA-M3-BX"},{"@type":"BreadcrumbList","@id":"https:\/\/apgsolutions.com\/pt-br\/store\/pk-15ta-m3-bx\/#breadcrumb","itemListElement":[{"@type":"ListItem","position":1,"name":"U.S. Online Parts Store","item":"https:\/\/apgsolutions.com\/store\/"},{"@type":"ListItem","position":2,"name":"PK-15TA-M3-BX"}]},{"@type":"WebSite","@id":"https:\/\/apgsolutions.com\/pt-br\/#website","url":"https:\/\/apgsolutions.com\/pt-br\/","name":"APG Solutions, LLC","description":"Trust at every point.","publisher":{"@id":"https:\/\/apgsolutions.com\/pt-br\/#organization"},"potentialAction":[{"@type":"SearchAction","target":{"@type":"EntryPoint","urlTemplate":"https:\/\/apgsolutions.com\/pt-br\/?s={search_term_string}"},"query-input":{"@type":"PropertyValueSpecification","valueRequired":true,"valueName":"search_term_string"}}],"inLanguage":"pt-BR"},{"@type":"Organization","@id":"https:\/\/apgsolutions.com\/pt-br\/#organization","name":"APG Solution, LLC","url":"https:\/\/apgsolutions.com\/pt-br\/","logo":{"@type":"ImageObject","inLanguage":"pt-BR","@id":"https:\/\/apgsolutions.com\/pt-br\/#\/schema\/logo\/image\/","url":"https:\/\/apgsolutions.com\/wp-content\/uploads\/2023\/12\/logomark-color.svg","contentUrl":"https:\/\/apgsolutions.com\/wp-content\/uploads\/2023\/12\/logomark-color.svg","width":141,"height":138,"caption":"APG Solution, LLC"},"image":{"@id":"https:\/\/apgsolutions.com\/pt-br\/#\/schema\/logo\/image\/"},"sameAs":["https:\/\/www.facebook.com\/apgglobalsolutions","https:\/\/x.com\/apg_solutions","https:\/\/www.youtube.com\/c\/CashManagementGlobalSolutionsbyapg","https:\/\/www.linkedin.com\/company\/apgglobalsolutions\/","https:\/\/www.instagram.com\/apgglobalsolutions\/","https:\/\/www.pinterest.com\/apgcashdrawer\/"]}]}},"acf":[],"_links":{"self":[{"href":"https:\/\/apgsolutions.com\/pt-br\/wp-json\/wp\/v2\/product\/109996","targetHints":{"allow":["GET"]}}],"collection":[{"href":"https:\/\/apgsolutions.com\/pt-br\/wp-json\/wp\/v2\/product"}],"about":[{"href":"https:\/\/apgsolutions.com\/pt-br\/wp-json\/wp\/v2\/types\/product"}],"wp:featuredmedia":[{"embeddable":true,"href":"https:\/\/apgsolutions.com\/pt-br\/wp-json\/wp\/v2\/media\/109998"}],"wp:attachment":[{"href":"https:\/\/apgsolutions.com\/pt-br\/wp-json\/wp\/v2\/media?parent=109996"}],"wp:term":[{"taxonomy":"product_brand","embeddable":true,"href":"https:\/\/apgsolutions.com\/pt-br\/wp-json\/wp\/v2\/product_brand?post=109996"},{"taxonomy":"product_cat","embeddable":true,"href":"https:\/\/apgsolutions.com\/pt-br\/wp-json\/wp\/v2\/product_cat?post=109996"},{"taxonomy":"product_tag","embeddable":true,"href":"https:\/\/apgsolutions.com\/pt-br\/wp-json\/wp\/v2\/product_tag?post=109996"}],"curies":[{"name":"wp","href":"https:\/\/api.w.org\/{rel}","templated":true}]}}