{"id":110074,"date":"2026-03-20T15:31:32","date_gmt":"2026-03-20T15:31:32","guid":{"rendered":"https:\/\/apgsolutions.com\/store\/cd-101b\/"},"modified":"2026-03-20T15:31:32","modified_gmt":"2026-03-20T15:31:32","slug":"cd-101b","status":"publish","type":"product","link":"https:\/\/apgsolutions.com\/pt-br\/store\/cd-101b\/","title":{"rendered":"CD-101B"},"content":{"rendered":"<p>Este \u00e9 um cabo apg de 5 p\u00e9s para ser usado com impressoras Epson ou Star espec\u00edficas. Esse cabo substitui os cabos CD-005B e CD-014B. Consulte nosso <a href=\"https:\/\/dev.apgsolutions.com\/wp-content\/uploads\/M-43-031-Connectivity-Guide-Rev-AP.pdf\" target=\"_blank\" rel=\"noopener\">Guia de conectividade<\/a> para obter mais detalhes.<\/p>\n","protected":false},"excerpt":{"rendered":"<p>Cabo de interface MultiPRO, 5 p\u00e9s<\/p>\n","protected":false},"featured_media":110077,"template":"","meta":{"_acf_changed":false,"content-type":""},"product_brand":[],"product_cat":[1145,1087,1180,1086,1085],"product_tag":[],"class_list":{"0":"post-110074","1":"product","2":"type-product","3":"status-publish","4":"has-post-thumbnail","6":"product_cat-acessorios-arlo","7":"product_cat-interfaces-cabos","9":"product_cat-pecas-e-acessorios","10":"product_cat-todos-os-produtos","12":"first","13":"instock","14":"taxable","15":"shipping-taxable","16":"purchasable","17":"product-type-simple"},"yoast_head":"<!-- This site is optimized with the Yoast SEO Premium plugin v23.5 (Yoast SEO v27.2) - https:\/\/yoast.com\/product\/yoast-seo-premium-wordpress\/ -->\n<title>CD-101B - NA Online Parts Accessories Store | apg | Cash Management Solutions<\/title>\n<meta name=\"description\" content=\"Este \u00e9 um cabo de gaveta de dinheiro APG de 5 p\u00e9s para ser usado com impressoras Epson ou Star espec\u00edficas. Esse cabo substitui os cabos CD-005B e CD-014B. SKU: CD-101B. Clique aqui para navegar na loja on-line de pe\u00e7as e acess\u00f3rios da APG Cash Drawer e adquirir esses acess\u00f3rios hoje mesmo.\" \/>\n<meta name=\"robots\" content=\"index, follow, max-snippet:-1, max-image-preview:large, max-video-preview:-1\" \/>\n<link rel=\"canonical\" href=\"https:\/\/apgsolutions.com\/pt-br\/store\/cd-101b\/\" \/>\n<meta property=\"og:locale\" content=\"pt_BR\" \/>\n<meta property=\"og:type\" content=\"article\" \/>\n<meta property=\"og:title\" content=\"CD-101B - NA Online Parts Accessories Store | apg | Cash Management Solutions\" \/>\n<meta property=\"og:description\" content=\"Este \u00e9 um cabo de gaveta de dinheiro APG de 5 p\u00e9s para ser usado com impressoras Epson ou Star espec\u00edficas. Esse cabo substitui os cabos CD-005B e CD-014B. SKU: CD-101B. Clique aqui para navegar na loja on-line de pe\u00e7as e acess\u00f3rios da APG Cash Drawer e adquirir esses acess\u00f3rios hoje mesmo.\" \/>\n<meta property=\"og:url\" content=\"https:\/\/apgsolutions.com\/pt-br\/store\/cd-101b\/\" \/>\n<meta property=\"og:site_name\" content=\"apg\u00ae Solutions\" \/>\n<meta property=\"article:publisher\" content=\"https:\/\/www.facebook.com\/apgglobalsolutions\" \/>\n<meta property=\"og:image\" content=\"https:\/\/apgsolutions.com\/wp-content\/uploads\/2025\/03\/cd-101b.jpg\" \/>\n\t<meta property=\"og:image:width\" content=\"350\" \/>\n\t<meta property=\"og:image:height\" content=\"350\" \/>\n\t<meta property=\"og:image:type\" content=\"image\/jpeg\" \/>\n<meta name=\"twitter:card\" content=\"summary_large_image\" \/>\n<meta name=\"twitter:site\" content=\"@apg_solutions\" \/>\n<script type=\"application\/ld+json\" class=\"yoast-schema-graph\">{\"@context\":\"https:\/\/schema.org\",\"@graph\":[{\"@type\":\"WebPage\",\"@id\":\"https:\/\/apgsolutions.com\/pt-br\/store\/cd-101b\/\",\"url\":\"https:\/\/apgsolutions.com\/pt-br\/store\/cd-101b\/\",\"name\":\"CD-101B - NA Online Parts Accessories Store | apg | Cash Management Solutions\",\"isPartOf\":{\"@id\":\"https:\/\/apgsolutions.com\/pt-br\/#website\"},\"primaryImageOfPage\":{\"@id\":\"https:\/\/apgsolutions.com\/pt-br\/store\/cd-101b\/#primaryimage\"},\"image\":{\"@id\":\"https:\/\/apgsolutions.com\/pt-br\/store\/cd-101b\/#primaryimage\"},\"thumbnailUrl\":\"https:\/\/apgsolutions.com\/wp-content\/uploads\/2025\/03\/cd-101b.jpg\",\"datePublished\":\"2026-03-20T15:31:32+00:00\",\"description\":\"Este \u00e9 um cabo de gaveta de dinheiro APG de 5 p\u00e9s para ser usado com impressoras Epson ou Star espec\u00edficas. Esse cabo substitui os cabos CD-005B e CD-014B. SKU: CD-101B. Clique aqui para navegar na loja on-line de pe\u00e7as e acess\u00f3rios da APG Cash Drawer e adquirir esses acess\u00f3rios hoje mesmo.\",\"breadcrumb\":{\"@id\":\"https:\/\/apgsolutions.com\/pt-br\/store\/cd-101b\/#breadcrumb\"},\"inLanguage\":\"pt-BR\",\"potentialAction\":[{\"@type\":\"ReadAction\",\"target\":[\"https:\/\/apgsolutions.com\/pt-br\/store\/cd-101b\/\"]}]},{\"@type\":\"ImageObject\",\"inLanguage\":\"pt-BR\",\"@id\":\"https:\/\/apgsolutions.com\/pt-br\/store\/cd-101b\/#primaryimage\",\"url\":\"https:\/\/apgsolutions.com\/wp-content\/uploads\/2025\/03\/cd-101b.jpg\",\"contentUrl\":\"https:\/\/apgsolutions.com\/wp-content\/uploads\/2025\/03\/cd-101b.jpg\",\"width\":350,\"height\":350,\"caption\":\"cd-101b\"},{\"@type\":\"BreadcrumbList\",\"@id\":\"https:\/\/apgsolutions.com\/pt-br\/store\/cd-101b\/#breadcrumb\",\"itemListElement\":[{\"@type\":\"ListItem\",\"position\":1,\"name\":\"U.S. Online Parts Store\",\"item\":\"https:\/\/apgsolutions.com\/store\/\"},{\"@type\":\"ListItem\",\"position\":2,\"name\":\"CD-101B\"}]},{\"@type\":\"WebSite\",\"@id\":\"https:\/\/apgsolutions.com\/pt-br\/#website\",\"url\":\"https:\/\/apgsolutions.com\/pt-br\/\",\"name\":\"APG Solutions, LLC\",\"description\":\"Trust at every point.\",\"publisher\":{\"@id\":\"https:\/\/apgsolutions.com\/pt-br\/#organization\"},\"potentialAction\":[{\"@type\":\"SearchAction\",\"target\":{\"@type\":\"EntryPoint\",\"urlTemplate\":\"https:\/\/apgsolutions.com\/pt-br\/?s={search_term_string}\"},\"query-input\":{\"@type\":\"PropertyValueSpecification\",\"valueRequired\":true,\"valueName\":\"search_term_string\"}}],\"inLanguage\":\"pt-BR\"},{\"@type\":\"Organization\",\"@id\":\"https:\/\/apgsolutions.com\/pt-br\/#organization\",\"name\":\"APG Solution, LLC\",\"url\":\"https:\/\/apgsolutions.com\/pt-br\/\",\"logo\":{\"@type\":\"ImageObject\",\"inLanguage\":\"pt-BR\",\"@id\":\"https:\/\/apgsolutions.com\/pt-br\/#\/schema\/logo\/image\/\",\"url\":\"https:\/\/apgsolutions.com\/wp-content\/uploads\/2023\/12\/logomark-color.svg\",\"contentUrl\":\"https:\/\/apgsolutions.com\/wp-content\/uploads\/2023\/12\/logomark-color.svg\",\"width\":141,\"height\":138,\"caption\":\"APG Solution, LLC\"},\"image\":{\"@id\":\"https:\/\/apgsolutions.com\/pt-br\/#\/schema\/logo\/image\/\"},\"sameAs\":[\"https:\/\/www.facebook.com\/apgglobalsolutions\",\"https:\/\/x.com\/apg_solutions\",\"https:\/\/www.youtube.com\/c\/CashManagementGlobalSolutionsbyapg\",\"https:\/\/www.linkedin.com\/company\/apgglobalsolutions\/\",\"https:\/\/www.instagram.com\/apgglobalsolutions\/\",\"https:\/\/www.pinterest.com\/apgcashdrawer\/\"]}]}<\/script>\n<!-- \/ Yoast SEO Premium plugin. -->","yoast_head_json":{"title":"CD-101B - NA Online Parts Accessories Store | apg | Cash Management Solutions","description":"Este \u00e9 um cabo de gaveta de dinheiro APG de 5 p\u00e9s para ser usado com impressoras Epson ou Star espec\u00edficas. Esse cabo substitui os cabos CD-005B e CD-014B. SKU: CD-101B. Clique aqui para navegar na loja on-line de pe\u00e7as e acess\u00f3rios da APG Cash Drawer e adquirir esses acess\u00f3rios hoje mesmo.","robots":{"index":"index","follow":"follow","max-snippet":"max-snippet:-1","max-image-preview":"max-image-preview:large","max-video-preview":"max-video-preview:-1"},"canonical":"https:\/\/apgsolutions.com\/pt-br\/store\/cd-101b\/","og_locale":"pt_BR","og_type":"article","og_title":"CD-101B - NA Online Parts Accessories Store | apg | Cash Management Solutions","og_description":"Este \u00e9 um cabo de gaveta de dinheiro APG de 5 p\u00e9s para ser usado com impressoras Epson ou Star espec\u00edficas. Esse cabo substitui os cabos CD-005B e CD-014B. SKU: CD-101B. Clique aqui para navegar na loja on-line de pe\u00e7as e acess\u00f3rios da APG Cash Drawer e adquirir esses acess\u00f3rios hoje mesmo.","og_url":"https:\/\/apgsolutions.com\/pt-br\/store\/cd-101b\/","og_site_name":"apg\u00ae Solutions","article_publisher":"https:\/\/www.facebook.com\/apgglobalsolutions","og_image":[{"width":350,"height":350,"url":"https:\/\/apgsolutions.com\/wp-content\/uploads\/2025\/03\/cd-101b.jpg","type":"image\/jpeg"}],"twitter_card":"summary_large_image","twitter_site":"@apg_solutions","schema":{"@context":"https:\/\/schema.org","@graph":[{"@type":"WebPage","@id":"https:\/\/apgsolutions.com\/pt-br\/store\/cd-101b\/","url":"https:\/\/apgsolutions.com\/pt-br\/store\/cd-101b\/","name":"CD-101B - NA Online Parts Accessories Store | apg | Cash Management Solutions","isPartOf":{"@id":"https:\/\/apgsolutions.com\/pt-br\/#website"},"primaryImageOfPage":{"@id":"https:\/\/apgsolutions.com\/pt-br\/store\/cd-101b\/#primaryimage"},"image":{"@id":"https:\/\/apgsolutions.com\/pt-br\/store\/cd-101b\/#primaryimage"},"thumbnailUrl":"https:\/\/apgsolutions.com\/wp-content\/uploads\/2025\/03\/cd-101b.jpg","datePublished":"2026-03-20T15:31:32+00:00","description":"Este \u00e9 um cabo de gaveta de dinheiro APG de 5 p\u00e9s para ser usado com impressoras Epson ou Star espec\u00edficas. Esse cabo substitui os cabos CD-005B e CD-014B. SKU: CD-101B. Clique aqui para navegar na loja on-line de pe\u00e7as e acess\u00f3rios da APG Cash Drawer e adquirir esses acess\u00f3rios hoje mesmo.","breadcrumb":{"@id":"https:\/\/apgsolutions.com\/pt-br\/store\/cd-101b\/#breadcrumb"},"inLanguage":"pt-BR","potentialAction":[{"@type":"ReadAction","target":["https:\/\/apgsolutions.com\/pt-br\/store\/cd-101b\/"]}]},{"@type":"ImageObject","inLanguage":"pt-BR","@id":"https:\/\/apgsolutions.com\/pt-br\/store\/cd-101b\/#primaryimage","url":"https:\/\/apgsolutions.com\/wp-content\/uploads\/2025\/03\/cd-101b.jpg","contentUrl":"https:\/\/apgsolutions.com\/wp-content\/uploads\/2025\/03\/cd-101b.jpg","width":350,"height":350,"caption":"cd-101b"},{"@type":"BreadcrumbList","@id":"https:\/\/apgsolutions.com\/pt-br\/store\/cd-101b\/#breadcrumb","itemListElement":[{"@type":"ListItem","position":1,"name":"U.S. Online Parts Store","item":"https:\/\/apgsolutions.com\/store\/"},{"@type":"ListItem","position":2,"name":"CD-101B"}]},{"@type":"WebSite","@id":"https:\/\/apgsolutions.com\/pt-br\/#website","url":"https:\/\/apgsolutions.com\/pt-br\/","name":"APG Solutions, LLC","description":"Trust at every point.","publisher":{"@id":"https:\/\/apgsolutions.com\/pt-br\/#organization"},"potentialAction":[{"@type":"SearchAction","target":{"@type":"EntryPoint","urlTemplate":"https:\/\/apgsolutions.com\/pt-br\/?s={search_term_string}"},"query-input":{"@type":"PropertyValueSpecification","valueRequired":true,"valueName":"search_term_string"}}],"inLanguage":"pt-BR"},{"@type":"Organization","@id":"https:\/\/apgsolutions.com\/pt-br\/#organization","name":"APG Solution, LLC","url":"https:\/\/apgsolutions.com\/pt-br\/","logo":{"@type":"ImageObject","inLanguage":"pt-BR","@id":"https:\/\/apgsolutions.com\/pt-br\/#\/schema\/logo\/image\/","url":"https:\/\/apgsolutions.com\/wp-content\/uploads\/2023\/12\/logomark-color.svg","contentUrl":"https:\/\/apgsolutions.com\/wp-content\/uploads\/2023\/12\/logomark-color.svg","width":141,"height":138,"caption":"APG Solution, LLC"},"image":{"@id":"https:\/\/apgsolutions.com\/pt-br\/#\/schema\/logo\/image\/"},"sameAs":["https:\/\/www.facebook.com\/apgglobalsolutions","https:\/\/x.com\/apg_solutions","https:\/\/www.youtube.com\/c\/CashManagementGlobalSolutionsbyapg","https:\/\/www.linkedin.com\/company\/apgglobalsolutions\/","https:\/\/www.instagram.com\/apgglobalsolutions\/","https:\/\/www.pinterest.com\/apgcashdrawer\/"]}]}},"acf":[],"_links":{"self":[{"href":"https:\/\/apgsolutions.com\/pt-br\/wp-json\/wp\/v2\/product\/110074","targetHints":{"allow":["GET"]}}],"collection":[{"href":"https:\/\/apgsolutions.com\/pt-br\/wp-json\/wp\/v2\/product"}],"about":[{"href":"https:\/\/apgsolutions.com\/pt-br\/wp-json\/wp\/v2\/types\/product"}],"wp:featuredmedia":[{"embeddable":true,"href":"https:\/\/apgsolutions.com\/pt-br\/wp-json\/wp\/v2\/media\/110077"}],"wp:attachment":[{"href":"https:\/\/apgsolutions.com\/pt-br\/wp-json\/wp\/v2\/media?parent=110074"}],"wp:term":[{"taxonomy":"product_brand","embeddable":true,"href":"https:\/\/apgsolutions.com\/pt-br\/wp-json\/wp\/v2\/product_brand?post=110074"},{"taxonomy":"product_cat","embeddable":true,"href":"https:\/\/apgsolutions.com\/pt-br\/wp-json\/wp\/v2\/product_cat?post=110074"},{"taxonomy":"product_tag","embeddable":true,"href":"https:\/\/apgsolutions.com\/pt-br\/wp-json\/wp\/v2\/product_tag?post=110074"}],"curies":[{"name":"wp","href":"https:\/\/api.w.org\/{rel}","templated":true}]}}