{"id":110097,"date":"2026-03-20T15:34:32","date_gmt":"2026-03-20T15:34:32","guid":{"rendered":"https:\/\/apgsolutions.com\/store\/vpk-27b-15-bx\/"},"modified":"2026-03-20T15:34:32","modified_gmt":"2026-03-20T15:34:32","slug":"vpk-27b-15-bx","status":"publish","type":"product","link":"https:\/\/apgsolutions.com\/pt-br\/store\/vpk-27b-15-bx\/","title":{"rendered":"VPK-27B-15-BX"},"content":{"rendered":"<p>Monte discretamente sua gaveta de dinheiro embaixo do balc\u00e3o. Suporte de montagem embaixo do balc\u00e3o, adequado para gavetas de dinheiro Vasario tamanho 1915. Esse suporte de montagem embaixo do balc\u00e3o mede 2,44 x 15 x 4,3 polegadas \/ 62 x 381 x 108,6 mm  <\/p>\n","protected":false},"excerpt":{"rendered":"<p>Suporte de montagem embaixo do balc\u00e3o, adequado para gavetas de dinheiro Vasario tamanho 1915<\/p>\n","protected":false},"featured_media":110099,"template":"","meta":{"_acf_changed":false,"content-type":""},"product_brand":[],"product_cat":[1149,1086,1152,1085],"product_tag":[],"class_list":{"0":"post-110097","1":"product","2":"type-product","3":"status-publish","4":"has-post-thumbnail","6":"product_cat-acessorios-para-servico-padrao","7":"product_cat-pecas-e-acessorios","8":"product_cat-suportes-de-montagem-sob-o-balcao","9":"product_cat-todos-os-produtos","11":"first","12":"instock","13":"taxable","14":"shipping-taxable","15":"purchasable","16":"product-type-simple"},"yoast_head":"<!-- This site is optimized with the Yoast SEO Premium plugin v23.5 (Yoast SEO v27.2) - https:\/\/yoast.com\/product\/yoast-seo-premium-wordpress\/ -->\n<title>VPK-27B-15-BX - NA Online Parts Accessories Store | apg | Cash Management Solutions<\/title>\n<meta name=\"description\" content=\"Suporte de montagem. SKU VPK-27B-15-BX. Clique aqui para navegar na loja on-line de pe\u00e7as e acess\u00f3rios da APG Cash Drawer e comprar esses acess\u00f3rios hoje mesmo.\" \/>\n<meta name=\"robots\" content=\"index, follow, max-snippet:-1, max-image-preview:large, max-video-preview:-1\" \/>\n<link rel=\"canonical\" href=\"https:\/\/apgsolutions.com\/pt-br\/store\/vpk-27b-15-bx\/\" \/>\n<meta property=\"og:locale\" content=\"pt_BR\" \/>\n<meta property=\"og:type\" content=\"article\" \/>\n<meta property=\"og:title\" content=\"VPK-27B-15-BX - NA Online Parts Accessories Store | apg | Cash Management Solutions\" \/>\n<meta property=\"og:description\" content=\"Suporte de montagem. SKU VPK-27B-15-BX. Clique aqui para navegar na loja on-line de pe\u00e7as e acess\u00f3rios da APG Cash Drawer e comprar esses acess\u00f3rios hoje mesmo.\" \/>\n<meta property=\"og:url\" content=\"https:\/\/apgsolutions.com\/pt-br\/store\/vpk-27b-15-bx\/\" \/>\n<meta property=\"og:site_name\" content=\"apg\u00ae Solutions\" \/>\n<meta property=\"article:publisher\" content=\"https:\/\/www.facebook.com\/apgglobalsolutions\" \/>\n<meta property=\"og:image\" content=\"https:\/\/apgsolutions.com\/wp-content\/uploads\/2023\/07\/VPK-27B-13-BX.jpg\" \/>\n\t<meta property=\"og:image:width\" content=\"295\" \/>\n\t<meta property=\"og:image:height\" content=\"295\" \/>\n\t<meta property=\"og:image:type\" content=\"image\/jpeg\" \/>\n<meta name=\"twitter:card\" content=\"summary_large_image\" \/>\n<meta name=\"twitter:site\" content=\"@apg_solutions\" \/>\n<script type=\"application\/ld+json\" class=\"yoast-schema-graph\">{\"@context\":\"https:\/\/schema.org\",\"@graph\":[{\"@type\":\"WebPage\",\"@id\":\"https:\/\/apgsolutions.com\/pt-br\/store\/vpk-27b-15-bx\/\",\"url\":\"https:\/\/apgsolutions.com\/pt-br\/store\/vpk-27b-15-bx\/\",\"name\":\"VPK-27B-15-BX - NA Online Parts Accessories Store | apg | Cash Management Solutions\",\"isPartOf\":{\"@id\":\"https:\/\/apgsolutions.com\/pt-br\/#website\"},\"primaryImageOfPage\":{\"@id\":\"https:\/\/apgsolutions.com\/pt-br\/store\/vpk-27b-15-bx\/#primaryimage\"},\"image\":{\"@id\":\"https:\/\/apgsolutions.com\/pt-br\/store\/vpk-27b-15-bx\/#primaryimage\"},\"thumbnailUrl\":\"https:\/\/apgsolutions.com\/wp-content\/uploads\/2023\/07\/VPK-27B-13-BX.jpg\",\"datePublished\":\"2026-03-20T15:34:32+00:00\",\"description\":\"Suporte de montagem. SKU VPK-27B-15-BX. Clique aqui para navegar na loja on-line de pe\u00e7as e acess\u00f3rios da APG Cash Drawer e comprar esses acess\u00f3rios hoje mesmo.\",\"breadcrumb\":{\"@id\":\"https:\/\/apgsolutions.com\/pt-br\/store\/vpk-27b-15-bx\/#breadcrumb\"},\"inLanguage\":\"pt-BR\",\"potentialAction\":[{\"@type\":\"ReadAction\",\"target\":[\"https:\/\/apgsolutions.com\/pt-br\/store\/vpk-27b-15-bx\/\"]}]},{\"@type\":\"ImageObject\",\"inLanguage\":\"pt-BR\",\"@id\":\"https:\/\/apgsolutions.com\/pt-br\/store\/vpk-27b-15-bx\/#primaryimage\",\"url\":\"https:\/\/apgsolutions.com\/wp-content\/uploads\/2023\/07\/VPK-27B-13-BX.jpg\",\"contentUrl\":\"https:\/\/apgsolutions.com\/wp-content\/uploads\/2023\/07\/VPK-27B-13-BX.jpg\",\"width\":295,\"height\":295,\"caption\":\"VPK-27B-XX-BX\"},{\"@type\":\"BreadcrumbList\",\"@id\":\"https:\/\/apgsolutions.com\/pt-br\/store\/vpk-27b-15-bx\/#breadcrumb\",\"itemListElement\":[{\"@type\":\"ListItem\",\"position\":1,\"name\":\"U.S. Online Parts Store\",\"item\":\"https:\/\/apgsolutions.com\/store\/\"},{\"@type\":\"ListItem\",\"position\":2,\"name\":\"VPK-27B-15-BX\"}]},{\"@type\":\"WebSite\",\"@id\":\"https:\/\/apgsolutions.com\/pt-br\/#website\",\"url\":\"https:\/\/apgsolutions.com\/pt-br\/\",\"name\":\"APG Solutions, LLC\",\"description\":\"Trust at every point.\",\"publisher\":{\"@id\":\"https:\/\/apgsolutions.com\/pt-br\/#organization\"},\"potentialAction\":[{\"@type\":\"SearchAction\",\"target\":{\"@type\":\"EntryPoint\",\"urlTemplate\":\"https:\/\/apgsolutions.com\/pt-br\/?s={search_term_string}\"},\"query-input\":{\"@type\":\"PropertyValueSpecification\",\"valueRequired\":true,\"valueName\":\"search_term_string\"}}],\"inLanguage\":\"pt-BR\"},{\"@type\":\"Organization\",\"@id\":\"https:\/\/apgsolutions.com\/pt-br\/#organization\",\"name\":\"APG Solution, LLC\",\"url\":\"https:\/\/apgsolutions.com\/pt-br\/\",\"logo\":{\"@type\":\"ImageObject\",\"inLanguage\":\"pt-BR\",\"@id\":\"https:\/\/apgsolutions.com\/pt-br\/#\/schema\/logo\/image\/\",\"url\":\"https:\/\/apgsolutions.com\/wp-content\/uploads\/2023\/12\/logomark-color.svg\",\"contentUrl\":\"https:\/\/apgsolutions.com\/wp-content\/uploads\/2023\/12\/logomark-color.svg\",\"width\":141,\"height\":138,\"caption\":\"APG Solution, LLC\"},\"image\":{\"@id\":\"https:\/\/apgsolutions.com\/pt-br\/#\/schema\/logo\/image\/\"},\"sameAs\":[\"https:\/\/www.facebook.com\/apgglobalsolutions\",\"https:\/\/x.com\/apg_solutions\",\"https:\/\/www.youtube.com\/c\/CashManagementGlobalSolutionsbyapg\",\"https:\/\/www.linkedin.com\/company\/apgglobalsolutions\/\",\"https:\/\/www.instagram.com\/apgglobalsolutions\/\",\"https:\/\/www.pinterest.com\/apgcashdrawer\/\"]}]}<\/script>\n<!-- \/ Yoast SEO Premium plugin. -->","yoast_head_json":{"title":"VPK-27B-15-BX - NA Online Parts Accessories Store | apg | Cash Management Solutions","description":"Suporte de montagem. SKU VPK-27B-15-BX. Clique aqui para navegar na loja on-line de pe\u00e7as e acess\u00f3rios da APG Cash Drawer e comprar esses acess\u00f3rios hoje mesmo.","robots":{"index":"index","follow":"follow","max-snippet":"max-snippet:-1","max-image-preview":"max-image-preview:large","max-video-preview":"max-video-preview:-1"},"canonical":"https:\/\/apgsolutions.com\/pt-br\/store\/vpk-27b-15-bx\/","og_locale":"pt_BR","og_type":"article","og_title":"VPK-27B-15-BX - NA Online Parts Accessories Store | apg | Cash Management Solutions","og_description":"Suporte de montagem. SKU VPK-27B-15-BX. Clique aqui para navegar na loja on-line de pe\u00e7as e acess\u00f3rios da APG Cash Drawer e comprar esses acess\u00f3rios hoje mesmo.","og_url":"https:\/\/apgsolutions.com\/pt-br\/store\/vpk-27b-15-bx\/","og_site_name":"apg\u00ae Solutions","article_publisher":"https:\/\/www.facebook.com\/apgglobalsolutions","og_image":[{"width":295,"height":295,"url":"https:\/\/apgsolutions.com\/wp-content\/uploads\/2023\/07\/VPK-27B-13-BX.jpg","type":"image\/jpeg"}],"twitter_card":"summary_large_image","twitter_site":"@apg_solutions","schema":{"@context":"https:\/\/schema.org","@graph":[{"@type":"WebPage","@id":"https:\/\/apgsolutions.com\/pt-br\/store\/vpk-27b-15-bx\/","url":"https:\/\/apgsolutions.com\/pt-br\/store\/vpk-27b-15-bx\/","name":"VPK-27B-15-BX - NA Online Parts Accessories Store | apg | Cash Management Solutions","isPartOf":{"@id":"https:\/\/apgsolutions.com\/pt-br\/#website"},"primaryImageOfPage":{"@id":"https:\/\/apgsolutions.com\/pt-br\/store\/vpk-27b-15-bx\/#primaryimage"},"image":{"@id":"https:\/\/apgsolutions.com\/pt-br\/store\/vpk-27b-15-bx\/#primaryimage"},"thumbnailUrl":"https:\/\/apgsolutions.com\/wp-content\/uploads\/2023\/07\/VPK-27B-13-BX.jpg","datePublished":"2026-03-20T15:34:32+00:00","description":"Suporte de montagem. SKU VPK-27B-15-BX. Clique aqui para navegar na loja on-line de pe\u00e7as e acess\u00f3rios da APG Cash Drawer e comprar esses acess\u00f3rios hoje mesmo.","breadcrumb":{"@id":"https:\/\/apgsolutions.com\/pt-br\/store\/vpk-27b-15-bx\/#breadcrumb"},"inLanguage":"pt-BR","potentialAction":[{"@type":"ReadAction","target":["https:\/\/apgsolutions.com\/pt-br\/store\/vpk-27b-15-bx\/"]}]},{"@type":"ImageObject","inLanguage":"pt-BR","@id":"https:\/\/apgsolutions.com\/pt-br\/store\/vpk-27b-15-bx\/#primaryimage","url":"https:\/\/apgsolutions.com\/wp-content\/uploads\/2023\/07\/VPK-27B-13-BX.jpg","contentUrl":"https:\/\/apgsolutions.com\/wp-content\/uploads\/2023\/07\/VPK-27B-13-BX.jpg","width":295,"height":295,"caption":"VPK-27B-XX-BX"},{"@type":"BreadcrumbList","@id":"https:\/\/apgsolutions.com\/pt-br\/store\/vpk-27b-15-bx\/#breadcrumb","itemListElement":[{"@type":"ListItem","position":1,"name":"U.S. Online Parts Store","item":"https:\/\/apgsolutions.com\/store\/"},{"@type":"ListItem","position":2,"name":"VPK-27B-15-BX"}]},{"@type":"WebSite","@id":"https:\/\/apgsolutions.com\/pt-br\/#website","url":"https:\/\/apgsolutions.com\/pt-br\/","name":"APG Solutions, LLC","description":"Trust at every point.","publisher":{"@id":"https:\/\/apgsolutions.com\/pt-br\/#organization"},"potentialAction":[{"@type":"SearchAction","target":{"@type":"EntryPoint","urlTemplate":"https:\/\/apgsolutions.com\/pt-br\/?s={search_term_string}"},"query-input":{"@type":"PropertyValueSpecification","valueRequired":true,"valueName":"search_term_string"}}],"inLanguage":"pt-BR"},{"@type":"Organization","@id":"https:\/\/apgsolutions.com\/pt-br\/#organization","name":"APG Solution, LLC","url":"https:\/\/apgsolutions.com\/pt-br\/","logo":{"@type":"ImageObject","inLanguage":"pt-BR","@id":"https:\/\/apgsolutions.com\/pt-br\/#\/schema\/logo\/image\/","url":"https:\/\/apgsolutions.com\/wp-content\/uploads\/2023\/12\/logomark-color.svg","contentUrl":"https:\/\/apgsolutions.com\/wp-content\/uploads\/2023\/12\/logomark-color.svg","width":141,"height":138,"caption":"APG Solution, LLC"},"image":{"@id":"https:\/\/apgsolutions.com\/pt-br\/#\/schema\/logo\/image\/"},"sameAs":["https:\/\/www.facebook.com\/apgglobalsolutions","https:\/\/x.com\/apg_solutions","https:\/\/www.youtube.com\/c\/CashManagementGlobalSolutionsbyapg","https:\/\/www.linkedin.com\/company\/apgglobalsolutions\/","https:\/\/www.instagram.com\/apgglobalsolutions\/","https:\/\/www.pinterest.com\/apgcashdrawer\/"]}]}},"acf":[],"_links":{"self":[{"href":"https:\/\/apgsolutions.com\/pt-br\/wp-json\/wp\/v2\/product\/110097","targetHints":{"allow":["GET"]}}],"collection":[{"href":"https:\/\/apgsolutions.com\/pt-br\/wp-json\/wp\/v2\/product"}],"about":[{"href":"https:\/\/apgsolutions.com\/pt-br\/wp-json\/wp\/v2\/types\/product"}],"wp:featuredmedia":[{"embeddable":true,"href":"https:\/\/apgsolutions.com\/pt-br\/wp-json\/wp\/v2\/media\/110099"}],"wp:attachment":[{"href":"https:\/\/apgsolutions.com\/pt-br\/wp-json\/wp\/v2\/media?parent=110097"}],"wp:term":[{"taxonomy":"product_brand","embeddable":true,"href":"https:\/\/apgsolutions.com\/pt-br\/wp-json\/wp\/v2\/product_brand?post=110097"},{"taxonomy":"product_cat","embeddable":true,"href":"https:\/\/apgsolutions.com\/pt-br\/wp-json\/wp\/v2\/product_cat?post=110097"},{"taxonomy":"product_tag","embeddable":true,"href":"https:\/\/apgsolutions.com\/pt-br\/wp-json\/wp\/v2\/product_tag?post=110097"}],"curies":[{"name":"wp","href":"https:\/\/api.w.org\/{rel}","templated":true}]}}