{"id":110102,"date":"2026-03-20T15:34:33","date_gmt":"2026-03-20T15:34:33","guid":{"rendered":"https:\/\/apgsolutions.com\/store\/vpk-15b-4a-bx\/"},"modified":"2026-03-20T15:34:33","modified_gmt":"2026-03-20T15:34:33","slug":"vpk-15b-4a-bx","status":"publish","type":"product","link":"https:\/\/apgsolutions.com\/pt-br\/store\/vpk-15b-4a-bx\/","title":{"rendered":"VPK-15B-4A-BX"},"content":{"rendered":"<p>Larguras ajust\u00e1veis para c\u00e9dulas, bandeja remov\u00edvel para moedas, 4 c\u00e9dulas x 8 moedas, pronta para Euro, compat\u00edvel com as gavetas de dinheiro Vasario 1416 e Series 4000 1317. O caixa mede 12,7 x 11,7 x 2,2 polegadas \/ 321 x 297 x 56 mm. Moedas que cabem neste caixa: Novo d\u00f3lar de Taiwan, forint h\u00fangaro, lats let\u00e3o, litas lituano, d\u00f3lar australiano, baht tailand\u00eas, lira turca, francos su\u00ed\u00e7os, d\u00f3lar jamaicano, d\u00f3lar neozeland\u00eas, xelim queniano, dinar bareinita, bolivianos, peso chileno, renminbi chin\u00eas, c\u00f3lon costarriquenho, coroa dinamarquesa, novo shekel israelense, d\u00f3lar canadense, dinar jordaniano, rublo russo  <\/p>\n","protected":false},"excerpt":{"rendered":"<p>Larguras ajust\u00e1veis para c\u00e9dulas, bandeja remov\u00edvel para moedas, pronto para Euro, compat\u00edvel com gavetas de dinheiro do tamanho do Vasario 1416<\/p>\n","protected":false},"featured_media":110104,"template":"","meta":{"_acf_changed":false,"content-type":""},"product_brand":[],"product_cat":[1149,1090,1095,1153,1093,1086,1088,1085],"product_tag":[],"class_list":{"0":"post-110102","1":"product","2":"type-product","3":"status-publish","4":"has-post-thumbnail","6":"product_cat-acessorios-para-servico-padrao","7":"product_cat-acessorios-para-servicos-pesados","8":"product_cat-caixas-registradoras-insercoes","11":"product_cat-pecas-e-acessorios","12":"product_cat-serie-4000","13":"product_cat-todos-os-produtos","15":"first","16":"instock","17":"taxable","18":"shipping-taxable","19":"purchasable","20":"product-type-simple"},"yoast_head":"<!-- This site is optimized with the Yoast SEO Premium plugin v23.5 (Yoast SEO v27.2) - https:\/\/yoast.com\/product\/yoast-seo-premium-wordpress\/ -->\n<title>VPK-15B-4A-BX - NA Online Parts Accessories Store | apg | Cash Management Solutions<\/title>\n<meta name=\"description\" content=\"Vasario 1416 Till. SKU: VPK-15B-4A-BX. Clique aqui para navegar na loja on-line de pe\u00e7as e acess\u00f3rios da APG Cash Drawer e comprar esses acess\u00f3rios hoje mesmo.\" \/>\n<meta name=\"robots\" content=\"index, follow, max-snippet:-1, max-image-preview:large, max-video-preview:-1\" \/>\n<link rel=\"canonical\" href=\"https:\/\/apgsolutions.com\/pt-br\/store\/vpk-15b-4a-bx\/\" \/>\n<meta property=\"og:locale\" content=\"pt_BR\" \/>\n<meta property=\"og:type\" content=\"article\" \/>\n<meta property=\"og:title\" content=\"VPK-15B-4A-BX - NA Online Parts Accessories Store | apg | Cash Management Solutions\" \/>\n<meta property=\"og:description\" content=\"Vasario 1416 Till. SKU: VPK-15B-4A-BX. Clique aqui para navegar na loja on-line de pe\u00e7as e acess\u00f3rios da APG Cash Drawer e comprar esses acess\u00f3rios hoje mesmo.\" \/>\n<meta property=\"og:url\" content=\"https:\/\/apgsolutions.com\/pt-br\/store\/vpk-15b-4a-bx\/\" \/>\n<meta property=\"og:site_name\" content=\"apg\u00ae Solutions\" \/>\n<meta property=\"article:publisher\" content=\"https:\/\/www.facebook.com\/apgglobalsolutions\" \/>\n<meta property=\"og:image\" content=\"https:\/\/apgsolutions.com\/wp-content\/uploads\/2023\/07\/VPK-15B-4A-BX.jpg\" \/>\n\t<meta property=\"og:image:width\" content=\"295\" \/>\n\t<meta property=\"og:image:height\" content=\"295\" \/>\n\t<meta property=\"og:image:type\" content=\"image\/jpeg\" \/>\n<meta name=\"twitter:card\" content=\"summary_large_image\" \/>\n<meta name=\"twitter:site\" content=\"@apg_solutions\" \/>\n<script type=\"application\/ld+json\" class=\"yoast-schema-graph\">{\"@context\":\"https:\/\/schema.org\",\"@graph\":[{\"@type\":\"WebPage\",\"@id\":\"https:\/\/apgsolutions.com\/pt-br\/store\/vpk-15b-4a-bx\/\",\"url\":\"https:\/\/apgsolutions.com\/pt-br\/store\/vpk-15b-4a-bx\/\",\"name\":\"VPK-15B-4A-BX - NA Online Parts Accessories Store | apg | Cash Management Solutions\",\"isPartOf\":{\"@id\":\"https:\/\/apgsolutions.com\/pt-br\/#website\"},\"primaryImageOfPage\":{\"@id\":\"https:\/\/apgsolutions.com\/pt-br\/store\/vpk-15b-4a-bx\/#primaryimage\"},\"image\":{\"@id\":\"https:\/\/apgsolutions.com\/pt-br\/store\/vpk-15b-4a-bx\/#primaryimage\"},\"thumbnailUrl\":\"https:\/\/apgsolutions.com\/wp-content\/uploads\/2023\/07\/VPK-15B-4A-BX.jpg\",\"datePublished\":\"2026-03-20T15:34:33+00:00\",\"description\":\"Vasario 1416 Till. SKU: VPK-15B-4A-BX. Clique aqui para navegar na loja on-line de pe\u00e7as e acess\u00f3rios da APG Cash Drawer e comprar esses acess\u00f3rios hoje mesmo.\",\"breadcrumb\":{\"@id\":\"https:\/\/apgsolutions.com\/pt-br\/store\/vpk-15b-4a-bx\/#breadcrumb\"},\"inLanguage\":\"pt-BR\",\"potentialAction\":[{\"@type\":\"ReadAction\",\"target\":[\"https:\/\/apgsolutions.com\/pt-br\/store\/vpk-15b-4a-bx\/\"]}]},{\"@type\":\"ImageObject\",\"inLanguage\":\"pt-BR\",\"@id\":\"https:\/\/apgsolutions.com\/pt-br\/store\/vpk-15b-4a-bx\/#primaryimage\",\"url\":\"https:\/\/apgsolutions.com\/wp-content\/uploads\/2023\/07\/VPK-15B-4A-BX.jpg\",\"contentUrl\":\"https:\/\/apgsolutions.com\/wp-content\/uploads\/2023\/07\/VPK-15B-4A-BX.jpg\",\"width\":295,\"height\":295,\"caption\":\"VPK-15B-4A-BX\"},{\"@type\":\"BreadcrumbList\",\"@id\":\"https:\/\/apgsolutions.com\/pt-br\/store\/vpk-15b-4a-bx\/#breadcrumb\",\"itemListElement\":[{\"@type\":\"ListItem\",\"position\":1,\"name\":\"U.S. Online Parts Store\",\"item\":\"https:\/\/apgsolutions.com\/store\/\"},{\"@type\":\"ListItem\",\"position\":2,\"name\":\"VPK-15B-4A-BX\"}]},{\"@type\":\"WebSite\",\"@id\":\"https:\/\/apgsolutions.com\/pt-br\/#website\",\"url\":\"https:\/\/apgsolutions.com\/pt-br\/\",\"name\":\"APG Solutions, LLC\",\"description\":\"Trust at every point.\",\"publisher\":{\"@id\":\"https:\/\/apgsolutions.com\/pt-br\/#organization\"},\"potentialAction\":[{\"@type\":\"SearchAction\",\"target\":{\"@type\":\"EntryPoint\",\"urlTemplate\":\"https:\/\/apgsolutions.com\/pt-br\/?s={search_term_string}\"},\"query-input\":{\"@type\":\"PropertyValueSpecification\",\"valueRequired\":true,\"valueName\":\"search_term_string\"}}],\"inLanguage\":\"pt-BR\"},{\"@type\":\"Organization\",\"@id\":\"https:\/\/apgsolutions.com\/pt-br\/#organization\",\"name\":\"APG Solution, LLC\",\"url\":\"https:\/\/apgsolutions.com\/pt-br\/\",\"logo\":{\"@type\":\"ImageObject\",\"inLanguage\":\"pt-BR\",\"@id\":\"https:\/\/apgsolutions.com\/pt-br\/#\/schema\/logo\/image\/\",\"url\":\"https:\/\/apgsolutions.com\/wp-content\/uploads\/2023\/12\/logomark-color.svg\",\"contentUrl\":\"https:\/\/apgsolutions.com\/wp-content\/uploads\/2023\/12\/logomark-color.svg\",\"width\":141,\"height\":138,\"caption\":\"APG Solution, LLC\"},\"image\":{\"@id\":\"https:\/\/apgsolutions.com\/pt-br\/#\/schema\/logo\/image\/\"},\"sameAs\":[\"https:\/\/www.facebook.com\/apgglobalsolutions\",\"https:\/\/x.com\/apg_solutions\",\"https:\/\/www.youtube.com\/c\/CashManagementGlobalSolutionsbyapg\",\"https:\/\/www.linkedin.com\/company\/apgglobalsolutions\/\",\"https:\/\/www.instagram.com\/apgglobalsolutions\/\",\"https:\/\/www.pinterest.com\/apgcashdrawer\/\"]}]}<\/script>\n<!-- \/ Yoast SEO Premium plugin. -->","yoast_head_json":{"title":"VPK-15B-4A-BX - NA Online Parts Accessories Store | apg | Cash Management Solutions","description":"Vasario 1416 Till. SKU: VPK-15B-4A-BX. Clique aqui para navegar na loja on-line de pe\u00e7as e acess\u00f3rios da APG Cash Drawer e comprar esses acess\u00f3rios hoje mesmo.","robots":{"index":"index","follow":"follow","max-snippet":"max-snippet:-1","max-image-preview":"max-image-preview:large","max-video-preview":"max-video-preview:-1"},"canonical":"https:\/\/apgsolutions.com\/pt-br\/store\/vpk-15b-4a-bx\/","og_locale":"pt_BR","og_type":"article","og_title":"VPK-15B-4A-BX - NA Online Parts Accessories Store | apg | Cash Management Solutions","og_description":"Vasario 1416 Till. SKU: VPK-15B-4A-BX. Clique aqui para navegar na loja on-line de pe\u00e7as e acess\u00f3rios da APG Cash Drawer e comprar esses acess\u00f3rios hoje mesmo.","og_url":"https:\/\/apgsolutions.com\/pt-br\/store\/vpk-15b-4a-bx\/","og_site_name":"apg\u00ae Solutions","article_publisher":"https:\/\/www.facebook.com\/apgglobalsolutions","og_image":[{"width":295,"height":295,"url":"https:\/\/apgsolutions.com\/wp-content\/uploads\/2023\/07\/VPK-15B-4A-BX.jpg","type":"image\/jpeg"}],"twitter_card":"summary_large_image","twitter_site":"@apg_solutions","schema":{"@context":"https:\/\/schema.org","@graph":[{"@type":"WebPage","@id":"https:\/\/apgsolutions.com\/pt-br\/store\/vpk-15b-4a-bx\/","url":"https:\/\/apgsolutions.com\/pt-br\/store\/vpk-15b-4a-bx\/","name":"VPK-15B-4A-BX - NA Online Parts Accessories Store | apg | Cash Management Solutions","isPartOf":{"@id":"https:\/\/apgsolutions.com\/pt-br\/#website"},"primaryImageOfPage":{"@id":"https:\/\/apgsolutions.com\/pt-br\/store\/vpk-15b-4a-bx\/#primaryimage"},"image":{"@id":"https:\/\/apgsolutions.com\/pt-br\/store\/vpk-15b-4a-bx\/#primaryimage"},"thumbnailUrl":"https:\/\/apgsolutions.com\/wp-content\/uploads\/2023\/07\/VPK-15B-4A-BX.jpg","datePublished":"2026-03-20T15:34:33+00:00","description":"Vasario 1416 Till. SKU: VPK-15B-4A-BX. Clique aqui para navegar na loja on-line de pe\u00e7as e acess\u00f3rios da APG Cash Drawer e comprar esses acess\u00f3rios hoje mesmo.","breadcrumb":{"@id":"https:\/\/apgsolutions.com\/pt-br\/store\/vpk-15b-4a-bx\/#breadcrumb"},"inLanguage":"pt-BR","potentialAction":[{"@type":"ReadAction","target":["https:\/\/apgsolutions.com\/pt-br\/store\/vpk-15b-4a-bx\/"]}]},{"@type":"ImageObject","inLanguage":"pt-BR","@id":"https:\/\/apgsolutions.com\/pt-br\/store\/vpk-15b-4a-bx\/#primaryimage","url":"https:\/\/apgsolutions.com\/wp-content\/uploads\/2023\/07\/VPK-15B-4A-BX.jpg","contentUrl":"https:\/\/apgsolutions.com\/wp-content\/uploads\/2023\/07\/VPK-15B-4A-BX.jpg","width":295,"height":295,"caption":"VPK-15B-4A-BX"},{"@type":"BreadcrumbList","@id":"https:\/\/apgsolutions.com\/pt-br\/store\/vpk-15b-4a-bx\/#breadcrumb","itemListElement":[{"@type":"ListItem","position":1,"name":"U.S. Online Parts Store","item":"https:\/\/apgsolutions.com\/store\/"},{"@type":"ListItem","position":2,"name":"VPK-15B-4A-BX"}]},{"@type":"WebSite","@id":"https:\/\/apgsolutions.com\/pt-br\/#website","url":"https:\/\/apgsolutions.com\/pt-br\/","name":"APG Solutions, LLC","description":"Trust at every point.","publisher":{"@id":"https:\/\/apgsolutions.com\/pt-br\/#organization"},"potentialAction":[{"@type":"SearchAction","target":{"@type":"EntryPoint","urlTemplate":"https:\/\/apgsolutions.com\/pt-br\/?s={search_term_string}"},"query-input":{"@type":"PropertyValueSpecification","valueRequired":true,"valueName":"search_term_string"}}],"inLanguage":"pt-BR"},{"@type":"Organization","@id":"https:\/\/apgsolutions.com\/pt-br\/#organization","name":"APG Solution, LLC","url":"https:\/\/apgsolutions.com\/pt-br\/","logo":{"@type":"ImageObject","inLanguage":"pt-BR","@id":"https:\/\/apgsolutions.com\/pt-br\/#\/schema\/logo\/image\/","url":"https:\/\/apgsolutions.com\/wp-content\/uploads\/2023\/12\/logomark-color.svg","contentUrl":"https:\/\/apgsolutions.com\/wp-content\/uploads\/2023\/12\/logomark-color.svg","width":141,"height":138,"caption":"APG Solution, LLC"},"image":{"@id":"https:\/\/apgsolutions.com\/pt-br\/#\/schema\/logo\/image\/"},"sameAs":["https:\/\/www.facebook.com\/apgglobalsolutions","https:\/\/x.com\/apg_solutions","https:\/\/www.youtube.com\/c\/CashManagementGlobalSolutionsbyapg","https:\/\/www.linkedin.com\/company\/apgglobalsolutions\/","https:\/\/www.instagram.com\/apgglobalsolutions\/","https:\/\/www.pinterest.com\/apgcashdrawer\/"]}]}},"acf":[],"_links":{"self":[{"href":"https:\/\/apgsolutions.com\/pt-br\/wp-json\/wp\/v2\/product\/110102","targetHints":{"allow":["GET"]}}],"collection":[{"href":"https:\/\/apgsolutions.com\/pt-br\/wp-json\/wp\/v2\/product"}],"about":[{"href":"https:\/\/apgsolutions.com\/pt-br\/wp-json\/wp\/v2\/types\/product"}],"wp:featuredmedia":[{"embeddable":true,"href":"https:\/\/apgsolutions.com\/pt-br\/wp-json\/wp\/v2\/media\/110104"}],"wp:attachment":[{"href":"https:\/\/apgsolutions.com\/pt-br\/wp-json\/wp\/v2\/media?parent=110102"}],"wp:term":[{"taxonomy":"product_brand","embeddable":true,"href":"https:\/\/apgsolutions.com\/pt-br\/wp-json\/wp\/v2\/product_brand?post=110102"},{"taxonomy":"product_cat","embeddable":true,"href":"https:\/\/apgsolutions.com\/pt-br\/wp-json\/wp\/v2\/product_cat?post=110102"},{"taxonomy":"product_tag","embeddable":true,"href":"https:\/\/apgsolutions.com\/pt-br\/wp-json\/wp\/v2\/product_tag?post=110102"}],"curies":[{"name":"wp","href":"https:\/\/api.w.org\/{rel}","templated":true}]}}